{"id":632,"date":"2025-05-06T21:57:39","date_gmt":"2025-05-06T21:57:39","guid":{"rendered":"https:\/\/oxinova.com\/?post_type=product&#038;p=632"},"modified":"2025-06-03T13:00:52","modified_gmt":"2025-06-03T13:00:52","slug":"oxigeno","status":"publish","type":"product","link":"https:\/\/oxinova.com\/index.php\/producto\/oxigeno\/","title":{"rendered":"Ox\u00edgeno"},"content":{"rendered":"<p>En condiciones normales es un elemento gaseoso, inodoro, incoloro e ins\u00edpido, componente del aire de la atm\u00f3sfera en un 20.8% \u00a0y el elemento m\u00e1s abundante en la Tierra, presente en el agua, el aire y la superficie terrestre. El ox\u00edgeno es un gas altamente reactivo y forma \u00f3xidos con la mayor\u00eda de los elementos, esencial para la respiraci\u00f3n, la medicina, la industria y la ciencia.<\/p>\n<p>Es utilizado en procesos de corte y soldadura de metales, metalurgia, miner\u00eda, producci\u00f3n de qu\u00edmicos, de vidrio, procesos de combusti\u00f3n, piscicultura, pulpa y papel, tratamiento de aguas,\u00a0\u00a0 producci\u00f3n de metales y medicina.<\/p>\n<p><strong>Es un gas fundamental para la vida e indispensable para la combusti\u00f3n.<\/strong><\/p>\n","protected":false},"excerpt":{"rendered":"<p>En<strong> OXINOVA S.A.S.<\/strong>\u00a0lo suministramos en cilindros de diferentes tama\u00f1os a alta presi\u00f3n y en termos criog\u00e9nicos en estado liquido.<\/p>\n","protected":false},"featured_media":740,"comment_status":"open","ping_status":"closed","template":"","meta":{"_acf_changed":false},"product_brand":[],"product_cat":[25],"product_tag":[],"class_list":{"0":"post-632","1":"product","2":"type-product","3":"status-publish","4":"has-post-thumbnail","6":"product_cat-sin-categorizar","8":"first","9":"instock","10":"taxable","11":"shipping-taxable","12":"product-type-simple"},"acf":{"ficha_de_seguridad_":1639,"ficha_tecnica":1638},"_links":{"self":[{"href":"https:\/\/oxinova.com\/index.php\/wp-json\/wp\/v2\/product\/632","targetHints":{"allow":["GET"]}}],"collection":[{"href":"https:\/\/oxinova.com\/index.php\/wp-json\/wp\/v2\/product"}],"about":[{"href":"https:\/\/oxinova.com\/index.php\/wp-json\/wp\/v2\/types\/product"}],"replies":[{"embeddable":true,"href":"https:\/\/oxinova.com\/index.php\/wp-json\/wp\/v2\/comments?post=632"}],"wp:featuredmedia":[{"embeddable":true,"href":"https:\/\/oxinova.com\/index.php\/wp-json\/wp\/v2\/media\/740"}],"wp:attachment":[{"href":"https:\/\/oxinova.com\/index.php\/wp-json\/wp\/v2\/media?parent=632"}],"wp:term":[{"taxonomy":"product_brand","embeddable":true,"href":"https:\/\/oxinova.com\/index.php\/wp-json\/wp\/v2\/product_brand?post=632"},{"taxonomy":"product_cat","embeddable":true,"href":"https:\/\/oxinova.com\/index.php\/wp-json\/wp\/v2\/product_cat?post=632"},{"taxonomy":"product_tag","embeddable":true,"href":"https:\/\/oxinova.com\/index.php\/wp-json\/wp\/v2\/product_tag?post=632"}],"curies":[{"name":"wp","href":"https:\/\/api.w.org\/{rel}","templated":true}]}}