{"id":627,"date":"2025-05-06T21:54:30","date_gmt":"2025-05-06T21:54:30","guid":{"rendered":"https:\/\/oxinova.com\/?post_type=product&#038;p=627"},"modified":"2025-06-03T13:00:10","modified_gmt":"2025-06-03T13:00:10","slug":"dioxido-de-carbono","status":"publish","type":"product","link":"https:\/\/oxinova.com\/index.php\/producto\/dioxido-de-carbono\/","title":{"rendered":"Di\u00f3xido de carbono"},"content":{"rendered":"<p>Tambi\u00e9n llamado CO2, es un gas no inflamable incoloro, asfixiante simple, en condiciones normales es un gas y almacenado en cilindros a alta presi\u00f3n es un gas licuado que tiene diferentes usos y aplicaciones, principalmente en la carbonataci\u00f3n de bebidas y atm\u00f3sferas protectoras para alimentos, como gas de protecci\u00f3n en procesos de soldaduras, agente extintor de fuego, presurizador de armas deportivas y en estado s\u00f3lido \u201chielo seco\u201d en refrigeraci\u00f3n de alimentos y medicinas y sistemas de abrasi\u00f3n por presi\u00f3n de gr\u00e1nulos.<\/p>\n","protected":false},"excerpt":{"rendered":"<p>En<strong> OXINOVA S.A.S <\/strong>lo suministramos en presentaciones de 10 y 25 kilos con salida de gas o de l\u00edquido de acuerdo a la aplicaci\u00f3n requerida por el cliente.<\/p>\n","protected":false},"featured_media":738,"comment_status":"open","ping_status":"closed","template":"","meta":{"_acf_changed":false},"product_brand":[],"product_cat":[25],"product_tag":[],"class_list":{"0":"post-627","1":"product","2":"type-product","3":"status-publish","4":"has-post-thumbnail","6":"product_cat-sin-categorizar","8":"first","9":"instock","10":"taxable","11":"shipping-taxable","12":"purchasable","13":"product-type-simple"},"acf":{"ficha_de_seguridad_":1631,"ficha_tecnica":1630},"_links":{"self":[{"href":"https:\/\/oxinova.com\/index.php\/wp-json\/wp\/v2\/product\/627","targetHints":{"allow":["GET"]}}],"collection":[{"href":"https:\/\/oxinova.com\/index.php\/wp-json\/wp\/v2\/product"}],"about":[{"href":"https:\/\/oxinova.com\/index.php\/wp-json\/wp\/v2\/types\/product"}],"replies":[{"embeddable":true,"href":"https:\/\/oxinova.com\/index.php\/wp-json\/wp\/v2\/comments?post=627"}],"wp:featuredmedia":[{"embeddable":true,"href":"https:\/\/oxinova.com\/index.php\/wp-json\/wp\/v2\/media\/738"}],"wp:attachment":[{"href":"https:\/\/oxinova.com\/index.php\/wp-json\/wp\/v2\/media?parent=627"}],"wp:term":[{"taxonomy":"product_brand","embeddable":true,"href":"https:\/\/oxinova.com\/index.php\/wp-json\/wp\/v2\/product_brand?post=627"},{"taxonomy":"product_cat","embeddable":true,"href":"https:\/\/oxinova.com\/index.php\/wp-json\/wp\/v2\/product_cat?post=627"},{"taxonomy":"product_tag","embeddable":true,"href":"https:\/\/oxinova.com\/index.php\/wp-json\/wp\/v2\/product_tag?post=627"}],"curies":[{"name":"wp","href":"https:\/\/api.w.org\/{rel}","templated":true}]}}