{"id":603,"date":"2025-05-06T20:42:11","date_gmt":"2025-05-06T20:42:11","guid":{"rendered":"https:\/\/oxinova.com\/?post_type=product&#038;p=603"},"modified":"2025-05-19T17:02:53","modified_gmt":"2025-05-19T17:02:53","slug":"acetileno","status":"publish","type":"product","link":"https:\/\/oxinova.com\/index.php\/producto\/acetileno\/","title":{"rendered":"Acetileno"},"content":{"rendered":"<p>Gas altamente inflamable logra temperaturas de llama adiab\u00e1tica cercanas a los 3000\u00baC . Convirti\u00e9ndose en un combustible ideal para aplicaciones oxiacetil\u00e9nicas, corte y soldadura.<\/p>\n<p>El gas de uso industrial tiene un olor caracter\u00edstico al ajo, m\u00e1s liviano que el aire y muy inestable en un amplio rango de temperaturas y presiones. Se convierte en un gas que debe ser tratado con especial cuidado y seguridad. El cilindro o acumulador de acetileno tiene internamente una masa porosa con millones de porosidades impregnadas de un l\u00edquido disolvente normalmente acetona o DMF que disuelve el gas y lo mantiene formando parte del l\u00edquido, en este estado es seguro su producci\u00f3n, almacenamiento, transporte y uso.<\/p>\n<p>&nbsp;<\/p>\n","protected":false},"excerpt":{"rendered":"<p>Gas altamente inflamable logra temperaturas de llama adiab\u00e1tica cercanas a los 3000\u00baC . Convirti\u00e9ndose en un combustible ideal para aplicaciones oxiacetil\u00e9nicas, corte y soldadura.<\/p>\n","protected":false},"featured_media":744,"comment_status":"open","ping_status":"closed","template":"","meta":{"_acf_changed":false},"product_brand":[],"product_cat":[25],"product_tag":[],"class_list":{"0":"post-603","1":"product","2":"type-product","3":"status-publish","4":"has-post-thumbnail","6":"product_cat-sin-categorizar","8":"first","9":"instock","10":"taxable","11":"shipping-taxable","12":"purchasable","13":"product-type-simple"},"acf":{"ficha_de_seguridad_":1627,"ficha_tecnica":1626},"_links":{"self":[{"href":"https:\/\/oxinova.com\/index.php\/wp-json\/wp\/v2\/product\/603","targetHints":{"allow":["GET"]}}],"collection":[{"href":"https:\/\/oxinova.com\/index.php\/wp-json\/wp\/v2\/product"}],"about":[{"href":"https:\/\/oxinova.com\/index.php\/wp-json\/wp\/v2\/types\/product"}],"replies":[{"embeddable":true,"href":"https:\/\/oxinova.com\/index.php\/wp-json\/wp\/v2\/comments?post=603"}],"wp:featuredmedia":[{"embeddable":true,"href":"https:\/\/oxinova.com\/index.php\/wp-json\/wp\/v2\/media\/744"}],"wp:attachment":[{"href":"https:\/\/oxinova.com\/index.php\/wp-json\/wp\/v2\/media?parent=603"}],"wp:term":[{"taxonomy":"product_brand","embeddable":true,"href":"https:\/\/oxinova.com\/index.php\/wp-json\/wp\/v2\/product_brand?post=603"},{"taxonomy":"product_cat","embeddable":true,"href":"https:\/\/oxinova.com\/index.php\/wp-json\/wp\/v2\/product_cat?post=603"},{"taxonomy":"product_tag","embeddable":true,"href":"https:\/\/oxinova.com\/index.php\/wp-json\/wp\/v2\/product_tag?post=603"}],"curies":[{"name":"wp","href":"https:\/\/api.w.org\/{rel}","templated":true}]}}