{"id":1406,"date":"2025-05-15T15:16:20","date_gmt":"2025-05-15T15:16:20","guid":{"rendered":"https:\/\/oxinova.com\/?page_id=1406"},"modified":"2025-06-06T16:31:55","modified_gmt":"2025-06-06T16:31:55","slug":"soporte-tecnico","status":"publish","type":"page","link":"https:\/\/oxinova.com\/index.php\/soporte-tecnico\/","title":{"rendered":"Soporte tecnico"},"content":{"rendered":"\t\t<div data-elementor-type=\"wp-page\" data-elementor-id=\"1406\" class=\"elementor elementor-1406\" data-elementor-post-type=\"page\">\n\t\t\t\t<div class=\"elementor-element elementor-element-744d878 e-con-full e-flex e-con e-parent\" data-id=\"744d878\" data-element_type=\"container\" data-settings=\"{&quot;background_background&quot;:&quot;classic&quot;}\">\n\t\t\t\t<div class=\"elementor-element elementor-element-e6d7e28 elementor-widget elementor-widget-heading\" data-id=\"e6d7e28\" data-element_type=\"widget\" data-widget_type=\"heading.default\">\n\t\t\t\t<div class=\"elementor-widget-container\">\n\t\t\t\t\t<h2 class=\"elementor-heading-title elementor-size-default\">Soporte T\u00e9cnico<\/h2>\t\t\t\t<\/div>\n\t\t\t\t<\/div>\n\t\t\t\t<div class=\"elementor-element elementor-element-3d66135 elementor-widget elementor-widget-text-editor\" data-id=\"3d66135\" data-element_type=\"widget\" data-widget_type=\"text-editor.default\">\n\t\t\t\t<div class=\"elementor-widget-container\">\n\t\t\t\t\t\t\t\t\t<p>Asesor\u00eda t\u00e9cnica que marca la diferencia.<\/p>\t\t\t\t\t\t\t\t<\/div>\n\t\t\t\t<\/div>\n\t\t\t\t<\/div>\n\t\t<div class=\"elementor-element elementor-element-2989b2c e-con-full e-flex e-con e-parent\" data-id=\"2989b2c\" data-element_type=\"container\">\n\t\t<div class=\"elementor-element elementor-element-287828e e-flex e-con-boxed e-con e-child\" data-id=\"287828e\" data-element_type=\"container\">\n\t\t\t\t\t<div class=\"e-con-inner\">\n\t\t<div class=\"elementor-element elementor-element-1038182 e-con-full e-flex e-con e-child\" data-id=\"1038182\" data-element_type=\"container\">\n\t\t\t\t<div class=\"elementor-element elementor-element-e109bbb elementor-widget elementor-widget-image\" data-id=\"e109bbb\" data-element_type=\"widget\" data-widget_type=\"image.default\">\n\t\t\t\t<div class=\"elementor-widget-container\">\n\t\t\t\t\t\t\t\t\t\t\t\t\t\t\t<img fetchpriority=\"high\" decoding=\"async\" width=\"800\" height=\"534\" src=\"https:\/\/oxinova.com\/wp-content\/uploads\/2025\/05\/DSC02720-1024x683.jpg\" class=\"attachment-large size-large wp-image-1500\" alt=\"\" srcset=\"https:\/\/oxinova.com\/wp-content\/uploads\/2025\/05\/DSC02720-1024x683.jpg 1024w, https:\/\/oxinova.com\/wp-content\/uploads\/2025\/05\/DSC02720-300x200.jpg 300w, https:\/\/oxinova.com\/wp-content\/uploads\/2025\/05\/DSC02720-768x512.jpg 768w, https:\/\/oxinova.com\/wp-content\/uploads\/2025\/05\/DSC02720-1536x1024.jpg 1536w, https:\/\/oxinova.com\/wp-content\/uploads\/2025\/05\/DSC02720-600x400.jpg 600w, https:\/\/oxinova.com\/wp-content\/uploads\/2025\/05\/DSC02720.jpg 2048w\" sizes=\"(max-width: 800px) 100vw, 800px\" \/>\t\t\t\t\t\t\t\t\t\t\t\t\t\t\t<\/div>\n\t\t\t\t<\/div>\n\t\t\t\t<\/div>\n\t\t\t\t\t<\/div>\n\t\t\t\t<\/div>\n\t\t<div class=\"elementor-element elementor-element-3141f58 e-flex e-con-boxed e-con e-child\" data-id=\"3141f58\" data-element_type=\"container\">\n\t\t\t\t\t<div class=\"e-con-inner\">\n\t\t<div class=\"elementor-element elementor-element-3032e7c e-con-full e-flex e-con e-child\" data-id=\"3032e7c\" data-element_type=\"container\" data-settings=\"{&quot;background_background&quot;:&quot;classic&quot;}\">\n\t\t\t\t<div class=\"elementor-element elementor-element-0072dc0 elementor-widget elementor-widget-heading\" data-id=\"0072dc0\" data-element_type=\"widget\" data-widget_type=\"heading.default\">\n\t\t\t\t<div class=\"elementor-widget-container\">\n\t\t\t\t\t<h2 class=\"elementor-heading-title elementor-size-default\">Soporte T\u00e9cnico<\/h2>\t\t\t\t<\/div>\n\t\t\t\t<\/div>\n\t\t\t\t<div class=\"elementor-element elementor-element-54bc6ef elementor-widget elementor-widget-text-editor\" data-id=\"54bc6ef\" data-element_type=\"widget\" data-widget_type=\"text-editor.default\">\n\t\t\t\t<div class=\"elementor-widget-container\">\n\t\t\t\t\t\t\t\t\t<p>Asesor\u00eda t\u00e9cnica que marca la diferencia.<\/p>\t\t\t\t\t\t\t\t<\/div>\n\t\t\t\t<\/div>\n\t\t<div class=\"elementor-element elementor-element-c8dd8ff e-con-full e-flex e-con e-child\" data-id=\"c8dd8ff\" data-element_type=\"container\" data-settings=\"{&quot;background_background&quot;:&quot;gradient&quot;}\">\n\t\t\t\t<\/div>\n\t\t\t\t<div class=\"elementor-element elementor-element-5c52c12 elementor-widget elementor-widget-text-editor\" data-id=\"5c52c12\" data-element_type=\"widget\" data-widget_type=\"text-editor.default\">\n\t\t\t\t<div class=\"elementor-widget-container\">\n\t\t\t\t\t\t\t\t\t<p>Brindamos acompa\u00f1amiento t\u00e9cnico integral para optimizar la seguridad, eficiencia y confiabilidad de las operaciones de nuestros clientes. Nuestro soporte incluye:<\/p><ul><li>Asistencia t\u00e9cnica en procesos industriales, orientada a la mejora continua, reducci\u00f3n de costos operativos y eficiencia en el uso de gases industriales.<\/li><li>Asesor\u00eda en dise\u00f1o y adecuaci\u00f3n de sitios de almacenamiento de gases, cumpliendo con la normativa vigente y mejores pr\u00e1cticas del sector.<\/li><li>Capacitaciones en sitio y virtuales sobre el manejo seguro de gases industriales, dirigidas a personal operativo y administrativo.<\/li><\/ul><p>\u00a0<\/p>\t\t\t\t\t\t\t\t<\/div>\n\t\t\t\t<\/div>\n\t\t\t\t<\/div>\n\t\t\t\t\t<\/div>\n\t\t\t\t<\/div>\n\t\t\t\t<\/div>\n\t\t<div class=\"elementor-element elementor-element-4766e30 e-con-full e-flex e-con e-parent\" data-id=\"4766e30\" data-element_type=\"container\">\n\t\t\t\t<div class=\"elementor-element elementor-element-462e74e elementor-widget elementor-widget-text-editor\" data-id=\"462e74e\" data-element_type=\"widget\" data-widget_type=\"text-editor.default\">\n\t\t\t\t<div class=\"elementor-widget-container\">\n\t\t\t\t\t\t\t\t\tNuestro equipo t\u00e9cnico est\u00e1 disponible para ofrecer soluciones personalizadas, alineadas con las necesidades y exigencias espec\u00edficas de cada operaci\u00f3n.\t\t\t\t\t\t\t\t<\/div>\n\t\t\t\t<\/div>\n\t\t\t\t<\/div>\n\t\t\t\t<\/div>\n\t\t","protected":false},"excerpt":{"rendered":"<p>Soporte T\u00e9cnico Asesor\u00eda t\u00e9cnica que marca la diferencia. Soporte T\u00e9cnico Asesor\u00eda t\u00e9cnica que marca la diferencia. Brindamos acompa\u00f1amiento t\u00e9cnico integral para optimizar la seguridad, eficiencia y confiabilidad de las operaciones de nuestros clientes. Nuestro soporte incluye: Asistencia t\u00e9cnica en procesos industriales, orientada a la mejora continua, reducci\u00f3n de costos operativos y eficiencia en el uso [&hellip;]<\/p>\n","protected":false},"author":2,"featured_media":0,"parent":0,"menu_order":0,"comment_status":"closed","ping_status":"closed","template":"elementor_header_footer","meta":{"_acf_changed":false,"footnotes":""},"class_list":["post-1406","page","type-page","status-publish","hentry"],"acf":[],"_links":{"self":[{"href":"https:\/\/oxinova.com\/index.php\/wp-json\/wp\/v2\/pages\/1406","targetHints":{"allow":["GET"]}}],"collection":[{"href":"https:\/\/oxinova.com\/index.php\/wp-json\/wp\/v2\/pages"}],"about":[{"href":"https:\/\/oxinova.com\/index.php\/wp-json\/wp\/v2\/types\/page"}],"author":[{"embeddable":true,"href":"https:\/\/oxinova.com\/index.php\/wp-json\/wp\/v2\/users\/2"}],"replies":[{"embeddable":true,"href":"https:\/\/oxinova.com\/index.php\/wp-json\/wp\/v2\/comments?post=1406"}],"version-history":[{"count":58,"href":"https:\/\/oxinova.com\/index.php\/wp-json\/wp\/v2\/pages\/1406\/revisions"}],"predecessor-version":[{"id":2969,"href":"https:\/\/oxinova.com\/index.php\/wp-json\/wp\/v2\/pages\/1406\/revisions\/2969"}],"wp:attachment":[{"href":"https:\/\/oxinova.com\/index.php\/wp-json\/wp\/v2\/media?parent=1406"}],"curies":[{"name":"wp","href":"https:\/\/api.w.org\/{rel}","templated":true}]}}