{"id":1401,"date":"2025-05-15T15:13:30","date_gmt":"2025-05-15T15:13:30","guid":{"rendered":"https:\/\/oxinova.com\/?page_id=1401"},"modified":"2025-06-06T16:31:36","modified_gmt":"2025-06-06T16:31:36","slug":"mantenimiento-de-equipos","status":"publish","type":"page","link":"https:\/\/oxinova.com\/index.php\/mantenimiento-de-equipos\/","title":{"rendered":"Mantenimiento de equipos"},"content":{"rendered":"\t\t<div data-elementor-type=\"wp-page\" data-elementor-id=\"1401\" class=\"elementor elementor-1401\" data-elementor-post-type=\"page\">\n\t\t\t\t<div class=\"elementor-element elementor-element-96925df e-con-full e-flex e-con e-parent\" data-id=\"96925df\" data-element_type=\"container\" data-settings=\"{&quot;background_background&quot;:&quot;classic&quot;}\">\n\t\t\t\t<div class=\"elementor-element elementor-element-ad2e11f elementor-widget elementor-widget-heading\" data-id=\"ad2e11f\" data-element_type=\"widget\" data-widget_type=\"heading.default\">\n\t\t\t\t<div class=\"elementor-widget-container\">\n\t\t\t\t\t<h2 class=\"elementor-heading-title elementor-size-default\">Equipos y Mantenimiento especializado<\/h2>\t\t\t\t<\/div>\n\t\t\t\t<\/div>\n\t\t\t\t<div class=\"elementor-element elementor-element-4274faf elementor-widget elementor-widget-text-editor\" data-id=\"4274faf\" data-element_type=\"widget\" data-widget_type=\"text-editor.default\">\n\t\t\t\t<div class=\"elementor-widget-container\">\n\t\t\t\t\t\t\t\t\t<p>Rendimiento constante, equipos en \u00f3ptimas condiciones<\/p>\t\t\t\t\t\t\t\t<\/div>\n\t\t\t\t<\/div>\n\t\t\t\t<\/div>\n\t\t<div class=\"elementor-element elementor-element-a211495 e-con-full e-flex e-con e-parent\" data-id=\"a211495\" data-element_type=\"container\">\n\t\t<div class=\"elementor-element elementor-element-f8c8342 e-flex e-con-boxed e-con e-child\" data-id=\"f8c8342\" data-element_type=\"container\">\n\t\t\t\t\t<div class=\"e-con-inner\">\n\t\t\t\t<div class=\"elementor-element elementor-element-69cc383 elementor-pagination-type-bullets elementor-arrows-position-inside elementor-pagination-position-outside elementor-widget elementor-widget-n-carousel\" data-id=\"69cc383\" data-element_type=\"widget\" data-settings=\"{&quot;carousel_items&quot;:[{&quot;slide_title&quot;:&quot;Diapositiva n\\u00ba 1&quot;,&quot;_id&quot;:&quot;9907351&quot;},{&quot;slide_title&quot;:&quot;Diapositiva n\\u00ba 2&quot;,&quot;_id&quot;:&quot;cfd96d5&quot;},{&quot;slide_title&quot;:&quot;Diapositiva n\\u00ba 3&quot;,&quot;_id&quot;:&quot;336164c&quot;},{&quot;_id&quot;:&quot;235b30f&quot;,&quot;slide_title&quot;:&quot;Diapositiva n\\u00ba 4&quot;}],&quot;slides_to_show&quot;:&quot;1&quot;,&quot;autoplay_speed&quot;:1500,&quot;image_spacing_custom&quot;:{&quot;unit&quot;:&quot;px&quot;,&quot;size&quot;:0,&quot;sizes&quot;:[]},&quot;slides_to_show_tablet&quot;:&quot;2&quot;,&quot;slides_to_show_mobile&quot;:&quot;1&quot;,&quot;autoplay&quot;:&quot;yes&quot;,&quot;pause_on_hover&quot;:&quot;yes&quot;,&quot;pause_on_interaction&quot;:&quot;yes&quot;,&quot;infinite&quot;:&quot;yes&quot;,&quot;speed&quot;:500,&quot;offset_sides&quot;:&quot;none&quot;,&quot;arrows&quot;:&quot;yes&quot;,&quot;pagination&quot;:&quot;bullets&quot;,&quot;image_spacing_custom_widescreen&quot;:{&quot;unit&quot;:&quot;px&quot;,&quot;size&quot;:&quot;&quot;,&quot;sizes&quot;:[]},&quot;image_spacing_custom_laptop&quot;:{&quot;unit&quot;:&quot;px&quot;,&quot;size&quot;:&quot;&quot;,&quot;sizes&quot;:[]},&quot;image_spacing_custom_tablet&quot;:{&quot;unit&quot;:&quot;px&quot;,&quot;size&quot;:&quot;&quot;,&quot;sizes&quot;:[]},&quot;image_spacing_custom_mobile&quot;:{&quot;unit&quot;:&quot;px&quot;,&quot;size&quot;:&quot;&quot;,&quot;sizes&quot;:[]}}\" data-widget_type=\"nested-carousel.default\">\n\t\t\t\t<div class=\"elementor-widget-container\">\n\t\t\t\t\t\t\t<div class=\"e-n-carousel swiper\" role=\"region\" aria-roledescription=\"carousel\" aria-label=\"Carrusel\" dir=\"ltr\">\n\t\t\t<div class=\"swiper-wrapper\" aria-live=\"off\">\n\t\t\t\t\t\t\t\t\t\t<div class=\"swiper-slide\" data-slide=\"1\" role=\"group\" aria-roledescription=\"slide\" aria-label=\"1 of 4\">\n\t\t\t\t\t\t\t<div class=\"elementor-element elementor-element-294bdd3 e-flex e-con-boxed e-con e-child\" data-id=\"294bdd3\" data-element_type=\"container\">\n\t\t\t\t\t<div class=\"e-con-inner\">\n\t\t\t\t<div class=\"elementor-element elementor-element-0349288 elementor-widget elementor-widget-image\" data-id=\"0349288\" data-element_type=\"widget\" data-widget_type=\"image.default\">\n\t\t\t\t<div class=\"elementor-widget-container\">\n\t\t\t\t\t\t\t\t\t\t\t\t\t\t\t<img fetchpriority=\"high\" decoding=\"async\" width=\"800\" height=\"534\" src=\"https:\/\/oxinova.com\/wp-content\/uploads\/2025\/05\/DSC02661-1024x683.jpg\" class=\"attachment-large size-large wp-image-1491\" alt=\"\" srcset=\"https:\/\/oxinova.com\/wp-content\/uploads\/2025\/05\/DSC02661-1024x683.jpg 1024w, https:\/\/oxinova.com\/wp-content\/uploads\/2025\/05\/DSC02661-300x200.jpg 300w, https:\/\/oxinova.com\/wp-content\/uploads\/2025\/05\/DSC02661-768x512.jpg 768w, https:\/\/oxinova.com\/wp-content\/uploads\/2025\/05\/DSC02661-1536x1024.jpg 1536w, https:\/\/oxinova.com\/wp-content\/uploads\/2025\/05\/DSC02661-600x400.jpg 600w, https:\/\/oxinova.com\/wp-content\/uploads\/2025\/05\/DSC02661.jpg 2048w\" sizes=\"(max-width: 800px) 100vw, 800px\" \/>\t\t\t\t\t\t\t\t\t\t\t\t\t\t\t<\/div>\n\t\t\t\t<\/div>\n\t\t\t\t\t<\/div>\n\t\t\t\t<\/div>\n\t\t\t\t\t\t\t\t<\/div>\n\t\t\t\t\t\t\t\t\t\t\t<div class=\"swiper-slide\" data-slide=\"2\" role=\"group\" aria-roledescription=\"slide\" aria-label=\"2 of 4\">\n\t\t\t\t\t\t\t<div class=\"elementor-element elementor-element-5d266ce e-flex e-con-boxed e-con e-child\" data-id=\"5d266ce\" data-element_type=\"container\">\n\t\t\t\t\t<div class=\"e-con-inner\">\n\t\t\t\t<div class=\"elementor-element elementor-element-de87d50 elementor-widget elementor-widget-image\" data-id=\"de87d50\" data-element_type=\"widget\" data-widget_type=\"image.default\">\n\t\t\t\t<div class=\"elementor-widget-container\">\n\t\t\t\t\t\t\t\t\t\t\t\t\t\t\t<img decoding=\"async\" width=\"800\" height=\"534\" src=\"https:\/\/oxinova.com\/wp-content\/uploads\/2025\/05\/DSC02667-1024x683.jpg\" class=\"attachment-large size-large wp-image-1494\" alt=\"\" srcset=\"https:\/\/oxinova.com\/wp-content\/uploads\/2025\/05\/DSC02667-1024x683.jpg 1024w, https:\/\/oxinova.com\/wp-content\/uploads\/2025\/05\/DSC02667-300x200.jpg 300w, https:\/\/oxinova.com\/wp-content\/uploads\/2025\/05\/DSC02667-768x512.jpg 768w, https:\/\/oxinova.com\/wp-content\/uploads\/2025\/05\/DSC02667-1536x1024.jpg 1536w, https:\/\/oxinova.com\/wp-content\/uploads\/2025\/05\/DSC02667-600x400.jpg 600w, https:\/\/oxinova.com\/wp-content\/uploads\/2025\/05\/DSC02667.jpg 2048w\" sizes=\"(max-width: 800px) 100vw, 800px\" \/>\t\t\t\t\t\t\t\t\t\t\t\t\t\t\t<\/div>\n\t\t\t\t<\/div>\n\t\t\t\t\t<\/div>\n\t\t\t\t<\/div>\n\t\t\t\t\t\t\t\t<\/div>\n\t\t\t\t\t\t\t\t\t\t\t<div class=\"swiper-slide\" data-slide=\"3\" role=\"group\" aria-roledescription=\"slide\" aria-label=\"3 of 4\">\n\t\t\t\t\t\t\t<div class=\"elementor-element elementor-element-c4bfb28 e-flex e-con-boxed e-con e-child\" data-id=\"c4bfb28\" data-element_type=\"container\">\n\t\t\t\t\t<div class=\"e-con-inner\">\n\t\t\t\t<div class=\"elementor-element elementor-element-5a4ac08 elementor-widget elementor-widget-image\" data-id=\"5a4ac08\" data-element_type=\"widget\" data-widget_type=\"image.default\">\n\t\t\t\t<div class=\"elementor-widget-container\">\n\t\t\t\t\t\t\t\t\t\t\t\t\t\t\t<img decoding=\"async\" width=\"800\" height=\"534\" src=\"https:\/\/oxinova.com\/wp-content\/uploads\/2025\/05\/DSC02662-1024x683.jpg\" class=\"attachment-large size-large wp-image-1492\" alt=\"\" srcset=\"https:\/\/oxinova.com\/wp-content\/uploads\/2025\/05\/DSC02662-1024x683.jpg 1024w, https:\/\/oxinova.com\/wp-content\/uploads\/2025\/05\/DSC02662-300x200.jpg 300w, https:\/\/oxinova.com\/wp-content\/uploads\/2025\/05\/DSC02662-768x512.jpg 768w, https:\/\/oxinova.com\/wp-content\/uploads\/2025\/05\/DSC02662-1536x1024.jpg 1536w, https:\/\/oxinova.com\/wp-content\/uploads\/2025\/05\/DSC02662-600x400.jpg 600w, https:\/\/oxinova.com\/wp-content\/uploads\/2025\/05\/DSC02662.jpg 2048w\" sizes=\"(max-width: 800px) 100vw, 800px\" \/>\t\t\t\t\t\t\t\t\t\t\t\t\t\t\t<\/div>\n\t\t\t\t<\/div>\n\t\t\t\t\t<\/div>\n\t\t\t\t<\/div>\n\t\t\t\t\t\t\t\t<\/div>\n\t\t\t\t\t\t\t\t\t\t\t<div class=\"swiper-slide\" data-slide=\"4\" role=\"group\" aria-roledescription=\"slide\" aria-label=\"4 of 4\">\n\t\t\t\t\t\t\t<div class=\"elementor-element elementor-element-2f5c1d6 e-flex e-con-boxed e-con e-child\" data-id=\"2f5c1d6\" data-element_type=\"container\">\n\t\t\t\t\t<div class=\"e-con-inner\">\n\t\t\t\t<div class=\"elementor-element elementor-element-6114b62 elementor-widget elementor-widget-image\" data-id=\"6114b62\" data-element_type=\"widget\" data-widget_type=\"image.default\">\n\t\t\t\t<div class=\"elementor-widget-container\">\n\t\t\t\t\t\t\t\t\t\t\t\t\t\t\t<img loading=\"lazy\" decoding=\"async\" width=\"800\" height=\"534\" src=\"https:\/\/oxinova.com\/wp-content\/uploads\/2025\/05\/DSC02672-1024x683.jpg\" class=\"attachment-large size-large wp-image-1496\" alt=\"\" srcset=\"https:\/\/oxinova.com\/wp-content\/uploads\/2025\/05\/DSC02672-1024x683.jpg 1024w, https:\/\/oxinova.com\/wp-content\/uploads\/2025\/05\/DSC02672-300x200.jpg 300w, https:\/\/oxinova.com\/wp-content\/uploads\/2025\/05\/DSC02672-768x512.jpg 768w, https:\/\/oxinova.com\/wp-content\/uploads\/2025\/05\/DSC02672-1536x1024.jpg 1536w, https:\/\/oxinova.com\/wp-content\/uploads\/2025\/05\/DSC02672-600x400.jpg 600w, https:\/\/oxinova.com\/wp-content\/uploads\/2025\/05\/DSC02672.jpg 2048w\" sizes=\"(max-width: 800px) 100vw, 800px\" \/>\t\t\t\t\t\t\t\t\t\t\t\t\t\t\t<\/div>\n\t\t\t\t<\/div>\n\t\t\t\t\t<\/div>\n\t\t\t\t<\/div>\n\t\t\t\t\t\t\t\t<\/div>\n\t\t\t\t\t\t\t\t<\/div>\n\t\t<\/div>\n\t\t\t\t\t<div class=\"elementor-swiper-button elementor-swiper-button-prev\" role=\"button\" tabindex=\"0\" aria-label=\"Anterior\">\n\t\t\t\t<svg aria-hidden=\"true\" class=\"e-font-icon-svg e-eicon-chevron-left\" viewBox=\"0 0 1000 1000\" xmlns=\"http:\/\/www.w3.org\/2000\/svg\"><path d=\"M646 125C629 125 613 133 604 142L308 442C296 454 292 471 292 487 292 504 296 521 308 533L604 854C617 867 629 875 646 875 663 875 679 871 692 858 704 846 713 829 713 812 713 796 708 779 692 767L438 487 692 225C700 217 708 204 708 187 708 171 704 154 692 142 675 129 663 125 646 125Z\"><\/path><\/svg>\t\t\t<\/div>\n\t\t\t<div class=\"elementor-swiper-button elementor-swiper-button-next\" role=\"button\" tabindex=\"0\" aria-label=\"Siguiente\">\n\t\t\t\t<svg aria-hidden=\"true\" class=\"e-font-icon-svg e-eicon-chevron-right\" viewBox=\"0 0 1000 1000\" xmlns=\"http:\/\/www.w3.org\/2000\/svg\"><path d=\"M696 533C708 521 713 504 713 487 713 471 708 454 696 446L400 146C388 133 375 125 354 125 338 125 325 129 313 142 300 154 292 171 292 187 292 204 296 221 308 233L563 492 304 771C292 783 288 800 288 817 288 833 296 850 308 863 321 871 338 875 354 875 371 875 388 867 400 854L696 533Z\"><\/path><\/svg>\t\t\t<\/div>\n\t\t\t\t\t<div class=\"swiper-pagination\"><\/div>\n\t\t\t\t\t\t<\/div>\n\t\t\t\t<\/div>\n\t\t\t\t\t<\/div>\n\t\t\t\t<\/div>\n\t\t<div class=\"elementor-element elementor-element-fd0f17f e-flex e-con-boxed e-con e-child\" data-id=\"fd0f17f\" data-element_type=\"container\">\n\t\t\t\t\t<div class=\"e-con-inner\">\n\t\t<div class=\"elementor-element elementor-element-8f3265d e-con-full e-flex e-con e-child\" data-id=\"8f3265d\" data-element_type=\"container\" data-settings=\"{&quot;background_background&quot;:&quot;classic&quot;}\">\n\t\t\t\t<div class=\"elementor-element elementor-element-a130f5a elementor-widget elementor-widget-heading\" data-id=\"a130f5a\" data-element_type=\"widget\" data-widget_type=\"heading.default\">\n\t\t\t\t<div class=\"elementor-widget-container\">\n\t\t\t\t\t<h2 class=\"elementor-heading-title elementor-size-default\">Mantenimiento de equipos<\/h2>\t\t\t\t<\/div>\n\t\t\t\t<\/div>\n\t\t\t\t<div class=\"elementor-element elementor-element-ec611c7 elementor-widget elementor-widget-text-editor\" data-id=\"ec611c7\" data-element_type=\"widget\" data-widget_type=\"text-editor.default\">\n\t\t\t\t<div class=\"elementor-widget-container\">\n\t\t\t\t\t\t\t\t\t<p>Rendimiento constante, equipos en \u00f3ptimas condiciones<\/p>\t\t\t\t\t\t\t\t<\/div>\n\t\t\t\t<\/div>\n\t\t<div class=\"elementor-element elementor-element-5ce012e e-con-full e-flex e-con e-child\" data-id=\"5ce012e\" data-element_type=\"container\" data-settings=\"{&quot;background_background&quot;:&quot;gradient&quot;}\">\n\t\t\t\t<\/div>\n\t\t\t\t<div class=\"elementor-element elementor-element-1d415fc elementor-widget elementor-widget-text-editor\" data-id=\"1d415fc\" data-element_type=\"widget\" data-widget_type=\"text-editor.default\">\n\t\t\t\t<div class=\"elementor-widget-container\">\n\t\t\t\t\t\t\t\t\t<p>Comercializamos una amplia gama de equipos para soldadura y corte, desde aplicaciones livianas hasta procesos industriales de alta demanda. Nuestra oferta abarca soluciones para:<\/p><ul><li>Soldadura el\u00e9ctrica por inversores, MIG\/MAG, TIG, TIG alta frecuencia, oxicorte y corte por plasma.<\/li><li>Reguladores para procesos de oxicorte, TIG, MIG\/MAG y aplicaciones especiales (ALTA-ALTA y ALTA-MEDIA).<\/li><li>Man\u00f3metros y repuestos para reguladores de presi\u00f3n.<\/li><li>Pistolas de soldadura: TIG, MIG\/MAG y Plasma, dise\u00f1adas para eficiencia y precisi\u00f3n en cada proceso.<\/li><li>Accesorios esenciales como porta electrodos y pinzas de masa.<\/li><\/ul><p>\u00a0<\/p>\t\t\t\t\t\t\t\t<\/div>\n\t\t\t\t<\/div>\n\t\t\t\t<\/div>\n\t\t\t\t\t<\/div>\n\t\t\t\t<\/div>\n\t\t\t\t<\/div>\n\t\t<div class=\"elementor-element elementor-element-d1eb274 e-con-full e-flex e-con e-parent\" data-id=\"d1eb274\" data-element_type=\"container\">\n\t\t\t\t<div class=\"elementor-element elementor-element-72ba103 elementor-widget elementor-widget-text-editor\" data-id=\"72ba103\" data-element_type=\"widget\" data-widget_type=\"text-editor.default\">\n\t\t\t\t<div class=\"elementor-widget-container\">\n\t\t\t\t\t\t\t\t\tAdicionalmente, ofrecemos servicio t\u00e9cnico especializado para el mantenimiento, diagn\u00f3stico y reparaci\u00f3n de equipos de soldadura, oxicorte, reguladores y componentes relacionados, garantizando su \u00f3ptimo funcionamiento y vida \u00fatil.\t\t\t\t\t\t\t\t<\/div>\n\t\t\t\t<\/div>\n\t\t\t\t<\/div>\n\t\t\t\t<\/div>\n\t\t","protected":false},"excerpt":{"rendered":"<p>Equipos y Mantenimiento especializado Rendimiento constante, equipos en \u00f3ptimas condiciones Mantenimiento de equipos Rendimiento constante, equipos en \u00f3ptimas condiciones Comercializamos una amplia gama de equipos para soldadura y corte, desde aplicaciones livianas hasta procesos industriales de alta demanda. Nuestra oferta abarca soluciones para: Soldadura el\u00e9ctrica por inversores, MIG\/MAG, TIG, TIG alta frecuencia, oxicorte y corte [&hellip;]<\/p>\n","protected":false},"author":2,"featured_media":0,"parent":0,"menu_order":0,"comment_status":"closed","ping_status":"closed","template":"elementor_header_footer","meta":{"_acf_changed":false,"footnotes":""},"class_list":["post-1401","page","type-page","status-publish","hentry"],"acf":[],"_links":{"self":[{"href":"https:\/\/oxinova.com\/index.php\/wp-json\/wp\/v2\/pages\/1401","targetHints":{"allow":["GET"]}}],"collection":[{"href":"https:\/\/oxinova.com\/index.php\/wp-json\/wp\/v2\/pages"}],"about":[{"href":"https:\/\/oxinova.com\/index.php\/wp-json\/wp\/v2\/types\/page"}],"author":[{"embeddable":true,"href":"https:\/\/oxinova.com\/index.php\/wp-json\/wp\/v2\/users\/2"}],"replies":[{"embeddable":true,"href":"https:\/\/oxinova.com\/index.php\/wp-json\/wp\/v2\/comments?post=1401"}],"version-history":[{"count":55,"href":"https:\/\/oxinova.com\/index.php\/wp-json\/wp\/v2\/pages\/1401\/revisions"}],"predecessor-version":[{"id":2966,"href":"https:\/\/oxinova.com\/index.php\/wp-json\/wp\/v2\/pages\/1401\/revisions\/2966"}],"wp:attachment":[{"href":"https:\/\/oxinova.com\/index.php\/wp-json\/wp\/v2\/media?parent=1401"}],"curies":[{"name":"wp","href":"https:\/\/api.w.org\/{rel}","templated":true}]}}