{"id":1396,"date":"2025-05-15T15:10:13","date_gmt":"2025-05-15T15:10:13","guid":{"rendered":"https:\/\/oxinova.com\/?page_id=1396"},"modified":"2025-06-06T16:31:15","modified_gmt":"2025-06-06T16:31:15","slug":"seguridad-industrial","status":"publish","type":"page","link":"https:\/\/oxinova.com\/index.php\/seguridad-industrial\/","title":{"rendered":"Seguridad Industrial"},"content":{"rendered":"\t\t<div data-elementor-type=\"wp-page\" data-elementor-id=\"1396\" class=\"elementor elementor-1396\" data-elementor-post-type=\"page\">\n\t\t\t\t<div class=\"elementor-element elementor-element-e040c6c e-con-full e-flex e-con e-parent\" data-id=\"e040c6c\" data-element_type=\"container\" data-settings=\"{&quot;background_background&quot;:&quot;classic&quot;}\">\n\t\t\t\t<div class=\"elementor-element elementor-element-f74cb47 elementor-widget elementor-widget-heading\" data-id=\"f74cb47\" data-element_type=\"widget\" data-widget_type=\"heading.default\">\n\t\t\t\t<div class=\"elementor-widget-container\">\n\t\t\t\t\t<h2 class=\"elementor-heading-title elementor-size-default\">Seguridad Industrial<\/h2>\t\t\t\t<\/div>\n\t\t\t\t<\/div>\n\t\t\t\t<div class=\"elementor-element elementor-element-3f4de85 elementor-widget elementor-widget-text-editor\" data-id=\"3f4de85\" data-element_type=\"widget\" data-widget_type=\"text-editor.default\">\n\t\t\t\t<div class=\"elementor-widget-container\">\n\t\t\t\t\t\t\t\t\t<p>Protecci\u00f3n profesional para entornos exigentes<\/p>\t\t\t\t\t\t\t\t<\/div>\n\t\t\t\t<\/div>\n\t\t\t\t<\/div>\n\t\t<div class=\"elementor-element elementor-element-c8b3c20 e-con-full e-flex e-con e-parent\" data-id=\"c8b3c20\" data-element_type=\"container\">\n\t\t<div class=\"elementor-element elementor-element-dd0481c e-flex e-con-boxed e-con e-child\" data-id=\"dd0481c\" data-element_type=\"container\">\n\t\t\t\t\t<div class=\"e-con-inner\">\n\t\t\t\t<div class=\"elementor-element elementor-element-c8ad118 elementor-pagination-type-bullets elementor-arrows-position-inside elementor-pagination-position-outside elementor-widget elementor-widget-n-carousel\" data-id=\"c8ad118\" data-element_type=\"widget\" data-settings=\"{&quot;carousel_items&quot;:[{&quot;slide_title&quot;:&quot;Diapositiva n\\u00ba 1&quot;,&quot;_id&quot;:&quot;9907351&quot;},{&quot;slide_title&quot;:&quot;Diapositiva n\\u00ba 2&quot;,&quot;_id&quot;:&quot;cfd96d5&quot;},{&quot;slide_title&quot;:&quot;Diapositiva n\\u00ba 3&quot;,&quot;_id&quot;:&quot;336164c&quot;},{&quot;_id&quot;:&quot;235b30f&quot;,&quot;slide_title&quot;:&quot;Diapositiva n\\u00ba 4&quot;},{&quot;slide_title&quot;:&quot;Diapositiva n\\u00ba 4&quot;,&quot;_id&quot;:&quot;2ebb051&quot;},{&quot;slide_title&quot;:&quot;Diapositiva n\\u00ba 4&quot;,&quot;_id&quot;:&quot;6415305&quot;}],&quot;slides_to_show&quot;:&quot;1&quot;,&quot;autoplay_speed&quot;:1500,&quot;image_spacing_custom&quot;:{&quot;unit&quot;:&quot;px&quot;,&quot;size&quot;:0,&quot;sizes&quot;:[]},&quot;slides_to_show_tablet&quot;:&quot;2&quot;,&quot;slides_to_show_mobile&quot;:&quot;1&quot;,&quot;autoplay&quot;:&quot;yes&quot;,&quot;pause_on_hover&quot;:&quot;yes&quot;,&quot;pause_on_interaction&quot;:&quot;yes&quot;,&quot;infinite&quot;:&quot;yes&quot;,&quot;speed&quot;:500,&quot;offset_sides&quot;:&quot;none&quot;,&quot;arrows&quot;:&quot;yes&quot;,&quot;pagination&quot;:&quot;bullets&quot;,&quot;image_spacing_custom_widescreen&quot;:{&quot;unit&quot;:&quot;px&quot;,&quot;size&quot;:&quot;&quot;,&quot;sizes&quot;:[]},&quot;image_spacing_custom_laptop&quot;:{&quot;unit&quot;:&quot;px&quot;,&quot;size&quot;:&quot;&quot;,&quot;sizes&quot;:[]},&quot;image_spacing_custom_tablet&quot;:{&quot;unit&quot;:&quot;px&quot;,&quot;size&quot;:&quot;&quot;,&quot;sizes&quot;:[]},&quot;image_spacing_custom_mobile&quot;:{&quot;unit&quot;:&quot;px&quot;,&quot;size&quot;:&quot;&quot;,&quot;sizes&quot;:[]}}\" data-widget_type=\"nested-carousel.default\">\n\t\t\t\t<div class=\"elementor-widget-container\">\n\t\t\t\t\t\t\t<div class=\"e-n-carousel swiper\" role=\"region\" aria-roledescription=\"carousel\" aria-label=\"Carrusel\" dir=\"ltr\">\n\t\t\t<div class=\"swiper-wrapper\" aria-live=\"off\">\n\t\t\t\t\t\t\t\t\t\t<div class=\"swiper-slide\" data-slide=\"1\" role=\"group\" aria-roledescription=\"slide\" aria-label=\"1 of 6\">\n\t\t\t\t\t\t\t<div class=\"elementor-element elementor-element-73c9c87 e-flex e-con-boxed e-con e-child\" data-id=\"73c9c87\" data-element_type=\"container\">\n\t\t\t\t\t<div class=\"e-con-inner\">\n\t\t\t\t<div class=\"elementor-element elementor-element-9cb9d64 elementor-widget elementor-widget-image\" data-id=\"9cb9d64\" data-element_type=\"widget\" data-widget_type=\"image.default\">\n\t\t\t\t<div class=\"elementor-widget-container\">\n\t\t\t\t\t\t\t\t\t\t\t\t\t\t\t<img fetchpriority=\"high\" decoding=\"async\" width=\"800\" height=\"534\" src=\"https:\/\/oxinova.com\/wp-content\/uploads\/2025\/05\/DSC02624-1024x683.jpg\" class=\"attachment-large size-large wp-image-1477\" alt=\"\" srcset=\"https:\/\/oxinova.com\/wp-content\/uploads\/2025\/05\/DSC02624-1024x683.jpg 1024w, https:\/\/oxinova.com\/wp-content\/uploads\/2025\/05\/DSC02624-300x200.jpg 300w, https:\/\/oxinova.com\/wp-content\/uploads\/2025\/05\/DSC02624-768x512.jpg 768w, https:\/\/oxinova.com\/wp-content\/uploads\/2025\/05\/DSC02624-1536x1024.jpg 1536w, https:\/\/oxinova.com\/wp-content\/uploads\/2025\/05\/DSC02624-600x400.jpg 600w, https:\/\/oxinova.com\/wp-content\/uploads\/2025\/05\/DSC02624.jpg 2048w\" sizes=\"(max-width: 800px) 100vw, 800px\" \/>\t\t\t\t\t\t\t\t\t\t\t\t\t\t\t<\/div>\n\t\t\t\t<\/div>\n\t\t\t\t\t<\/div>\n\t\t\t\t<\/div>\n\t\t\t\t\t\t\t\t<\/div>\n\t\t\t\t\t\t\t\t\t\t\t<div class=\"swiper-slide\" data-slide=\"2\" role=\"group\" aria-roledescription=\"slide\" aria-label=\"2 of 6\">\n\t\t\t\t\t\t\t<div class=\"elementor-element elementor-element-5a9c9b6 e-flex e-con-boxed e-con e-child\" data-id=\"5a9c9b6\" data-element_type=\"container\">\n\t\t\t\t\t<div class=\"e-con-inner\">\n\t\t\t\t<div class=\"elementor-element elementor-element-0341d58 elementor-widget elementor-widget-image\" data-id=\"0341d58\" data-element_type=\"widget\" data-widget_type=\"image.default\">\n\t\t\t\t<div class=\"elementor-widget-container\">\n\t\t\t\t\t\t\t\t\t\t\t\t\t\t\t<img decoding=\"async\" width=\"800\" height=\"534\" src=\"https:\/\/oxinova.com\/wp-content\/uploads\/2025\/05\/DSC02620-1024x683.jpg\" class=\"attachment-large size-large wp-image-1475\" alt=\"\" srcset=\"https:\/\/oxinova.com\/wp-content\/uploads\/2025\/05\/DSC02620-1024x683.jpg 1024w, https:\/\/oxinova.com\/wp-content\/uploads\/2025\/05\/DSC02620-300x200.jpg 300w, https:\/\/oxinova.com\/wp-content\/uploads\/2025\/05\/DSC02620-768x512.jpg 768w, https:\/\/oxinova.com\/wp-content\/uploads\/2025\/05\/DSC02620-1536x1024.jpg 1536w, https:\/\/oxinova.com\/wp-content\/uploads\/2025\/05\/DSC02620-600x400.jpg 600w, https:\/\/oxinova.com\/wp-content\/uploads\/2025\/05\/DSC02620.jpg 2048w\" sizes=\"(max-width: 800px) 100vw, 800px\" \/>\t\t\t\t\t\t\t\t\t\t\t\t\t\t\t<\/div>\n\t\t\t\t<\/div>\n\t\t\t\t\t<\/div>\n\t\t\t\t<\/div>\n\t\t\t\t\t\t\t\t<\/div>\n\t\t\t\t\t\t\t\t\t\t\t<div class=\"swiper-slide\" data-slide=\"3\" role=\"group\" aria-roledescription=\"slide\" aria-label=\"3 of 6\">\n\t\t\t\t\t\t\t<div class=\"elementor-element elementor-element-5d3cd20 e-flex e-con-boxed e-con e-child\" data-id=\"5d3cd20\" data-element_type=\"container\">\n\t\t\t\t\t<div class=\"e-con-inner\">\n\t\t\t\t<div class=\"elementor-element elementor-element-a7a353f elementor-widget elementor-widget-image\" data-id=\"a7a353f\" data-element_type=\"widget\" data-widget_type=\"image.default\">\n\t\t\t\t<div class=\"elementor-widget-container\">\n\t\t\t\t\t\t\t\t\t\t\t\t\t\t\t<img decoding=\"async\" width=\"800\" height=\"534\" src=\"https:\/\/oxinova.com\/wp-content\/uploads\/2025\/05\/DSC02604-1024x683.jpg\" class=\"attachment-large size-large wp-image-1470\" alt=\"\" srcset=\"https:\/\/oxinova.com\/wp-content\/uploads\/2025\/05\/DSC02604-1024x683.jpg 1024w, https:\/\/oxinova.com\/wp-content\/uploads\/2025\/05\/DSC02604-300x200.jpg 300w, https:\/\/oxinova.com\/wp-content\/uploads\/2025\/05\/DSC02604-768x512.jpg 768w, https:\/\/oxinova.com\/wp-content\/uploads\/2025\/05\/DSC02604-1536x1024.jpg 1536w, https:\/\/oxinova.com\/wp-content\/uploads\/2025\/05\/DSC02604-600x400.jpg 600w, https:\/\/oxinova.com\/wp-content\/uploads\/2025\/05\/DSC02604.jpg 2048w\" sizes=\"(max-width: 800px) 100vw, 800px\" \/>\t\t\t\t\t\t\t\t\t\t\t\t\t\t\t<\/div>\n\t\t\t\t<\/div>\n\t\t\t\t\t<\/div>\n\t\t\t\t<\/div>\n\t\t\t\t\t\t\t\t<\/div>\n\t\t\t\t\t\t\t\t\t\t\t<div class=\"swiper-slide\" data-slide=\"4\" role=\"group\" aria-roledescription=\"slide\" aria-label=\"4 of 6\">\n\t\t\t\t\t\t\t<div class=\"elementor-element elementor-element-a95ebaa e-flex e-con-boxed e-con e-child\" data-id=\"a95ebaa\" data-element_type=\"container\">\n\t\t\t\t\t<div class=\"e-con-inner\">\n\t\t\t\t<div class=\"elementor-element elementor-element-0653441 elementor-widget elementor-widget-image\" data-id=\"0653441\" data-element_type=\"widget\" data-widget_type=\"image.default\">\n\t\t\t\t<div class=\"elementor-widget-container\">\n\t\t\t\t\t\t\t\t\t\t\t\t\t\t\t<img loading=\"lazy\" decoding=\"async\" width=\"800\" height=\"534\" src=\"https:\/\/oxinova.com\/wp-content\/uploads\/2025\/05\/DSC02579-1024x683.jpg\" class=\"attachment-large size-large wp-image-1461\" alt=\"\" srcset=\"https:\/\/oxinova.com\/wp-content\/uploads\/2025\/05\/DSC02579-1024x683.jpg 1024w, https:\/\/oxinova.com\/wp-content\/uploads\/2025\/05\/DSC02579-300x200.jpg 300w, https:\/\/oxinova.com\/wp-content\/uploads\/2025\/05\/DSC02579-768x512.jpg 768w, https:\/\/oxinova.com\/wp-content\/uploads\/2025\/05\/DSC02579-1536x1024.jpg 1536w, https:\/\/oxinova.com\/wp-content\/uploads\/2025\/05\/DSC02579-600x400.jpg 600w, https:\/\/oxinova.com\/wp-content\/uploads\/2025\/05\/DSC02579.jpg 2048w\" sizes=\"(max-width: 800px) 100vw, 800px\" \/>\t\t\t\t\t\t\t\t\t\t\t\t\t\t\t<\/div>\n\t\t\t\t<\/div>\n\t\t\t\t\t<\/div>\n\t\t\t\t<\/div>\n\t\t\t\t\t\t\t\t<\/div>\n\t\t\t\t\t\t\t\t\t\t\t<div class=\"swiper-slide\" data-slide=\"5\" role=\"group\" aria-roledescription=\"slide\" aria-label=\"5 of 6\">\n\t\t\t\t\t\t\t<div class=\"elementor-element elementor-element-7ae9e23 e-flex e-con-boxed e-con e-child\" data-id=\"7ae9e23\" data-element_type=\"container\">\n\t\t\t\t\t<div class=\"e-con-inner\">\n\t\t\t\t<div class=\"elementor-element elementor-element-300e440 elementor-widget elementor-widget-image\" data-id=\"300e440\" data-element_type=\"widget\" data-widget_type=\"image.default\">\n\t\t\t\t<div class=\"elementor-widget-container\">\n\t\t\t\t\t\t\t\t\t\t\t\t\t\t\t<img loading=\"lazy\" decoding=\"async\" width=\"800\" height=\"534\" src=\"https:\/\/oxinova.com\/wp-content\/uploads\/2025\/05\/DSC02587-1024x683.jpg\" class=\"attachment-large size-large wp-image-1463\" alt=\"\" srcset=\"https:\/\/oxinova.com\/wp-content\/uploads\/2025\/05\/DSC02587-1024x683.jpg 1024w, https:\/\/oxinova.com\/wp-content\/uploads\/2025\/05\/DSC02587-300x200.jpg 300w, https:\/\/oxinova.com\/wp-content\/uploads\/2025\/05\/DSC02587-768x512.jpg 768w, https:\/\/oxinova.com\/wp-content\/uploads\/2025\/05\/DSC02587-1536x1024.jpg 1536w, https:\/\/oxinova.com\/wp-content\/uploads\/2025\/05\/DSC02587-600x400.jpg 600w, https:\/\/oxinova.com\/wp-content\/uploads\/2025\/05\/DSC02587.jpg 2048w\" sizes=\"(max-width: 800px) 100vw, 800px\" \/>\t\t\t\t\t\t\t\t\t\t\t\t\t\t\t<\/div>\n\t\t\t\t<\/div>\n\t\t\t\t\t<\/div>\n\t\t\t\t<\/div>\n\t\t\t\t\t\t\t\t<\/div>\n\t\t\t\t\t\t\t\t\t\t\t<div class=\"swiper-slide\" data-slide=\"6\" role=\"group\" aria-roledescription=\"slide\" aria-label=\"6 of 6\">\n\t\t\t\t\t\t\t<div class=\"elementor-element elementor-element-a6133ef e-flex e-con-boxed e-con e-child\" data-id=\"a6133ef\" data-element_type=\"container\">\n\t\t\t\t\t<div class=\"e-con-inner\">\n\t\t\t\t<div class=\"elementor-element elementor-element-eb71afe elementor-widget elementor-widget-image\" data-id=\"eb71afe\" data-element_type=\"widget\" data-widget_type=\"image.default\">\n\t\t\t\t<div class=\"elementor-widget-container\">\n\t\t\t\t\t\t\t\t\t\t\t\t\t\t\t<img loading=\"lazy\" decoding=\"async\" width=\"800\" height=\"534\" src=\"https:\/\/oxinova.com\/wp-content\/uploads\/2025\/05\/DSC02600-1024x683.jpg\" class=\"attachment-large size-large wp-image-1468\" alt=\"\" srcset=\"https:\/\/oxinova.com\/wp-content\/uploads\/2025\/05\/DSC02600-1024x683.jpg 1024w, https:\/\/oxinova.com\/wp-content\/uploads\/2025\/05\/DSC02600-300x200.jpg 300w, https:\/\/oxinova.com\/wp-content\/uploads\/2025\/05\/DSC02600-768x512.jpg 768w, https:\/\/oxinova.com\/wp-content\/uploads\/2025\/05\/DSC02600-1536x1024.jpg 1536w, https:\/\/oxinova.com\/wp-content\/uploads\/2025\/05\/DSC02600-600x400.jpg 600w, https:\/\/oxinova.com\/wp-content\/uploads\/2025\/05\/DSC02600.jpg 2048w\" sizes=\"(max-width: 800px) 100vw, 800px\" \/>\t\t\t\t\t\t\t\t\t\t\t\t\t\t\t<\/div>\n\t\t\t\t<\/div>\n\t\t\t\t\t<\/div>\n\t\t\t\t<\/div>\n\t\t\t\t\t\t\t\t<\/div>\n\t\t\t\t\t\t\t\t<\/div>\n\t\t<\/div>\n\t\t\t\t\t<div class=\"elementor-swiper-button elementor-swiper-button-prev\" role=\"button\" tabindex=\"0\" aria-label=\"Anterior\">\n\t\t\t\t<svg aria-hidden=\"true\" class=\"e-font-icon-svg e-eicon-chevron-left\" viewBox=\"0 0 1000 1000\" xmlns=\"http:\/\/www.w3.org\/2000\/svg\"><path d=\"M646 125C629 125 613 133 604 142L308 442C296 454 292 471 292 487 292 504 296 521 308 533L604 854C617 867 629 875 646 875 663 875 679 871 692 858 704 846 713 829 713 812 713 796 708 779 692 767L438 487 692 225C700 217 708 204 708 187 708 171 704 154 692 142 675 129 663 125 646 125Z\"><\/path><\/svg>\t\t\t<\/div>\n\t\t\t<div class=\"elementor-swiper-button elementor-swiper-button-next\" role=\"button\" tabindex=\"0\" aria-label=\"Siguiente\">\n\t\t\t\t<svg aria-hidden=\"true\" class=\"e-font-icon-svg e-eicon-chevron-right\" viewBox=\"0 0 1000 1000\" xmlns=\"http:\/\/www.w3.org\/2000\/svg\"><path d=\"M696 533C708 521 713 504 713 487 713 471 708 454 696 446L400 146C388 133 375 125 354 125 338 125 325 129 313 142 300 154 292 171 292 187 292 204 296 221 308 233L563 492 304 771C292 783 288 800 288 817 288 833 296 850 308 863 321 871 338 875 354 875 371 875 388 867 400 854L696 533Z\"><\/path><\/svg>\t\t\t<\/div>\n\t\t\t\t\t<div class=\"swiper-pagination\"><\/div>\n\t\t\t\t\t\t<\/div>\n\t\t\t\t<\/div>\n\t\t\t\t\t<\/div>\n\t\t\t\t<\/div>\n\t\t<div class=\"elementor-element elementor-element-d1ec2de e-flex e-con-boxed e-con e-child\" data-id=\"d1ec2de\" data-element_type=\"container\">\n\t\t\t\t\t<div class=\"e-con-inner\">\n\t\t<div class=\"elementor-element elementor-element-4474382 e-con-full e-flex e-con e-child\" data-id=\"4474382\" data-element_type=\"container\" data-settings=\"{&quot;background_background&quot;:&quot;classic&quot;}\">\n\t\t\t\t<div class=\"elementor-element elementor-element-f5b91cc elementor-widget elementor-widget-heading\" data-id=\"f5b91cc\" data-element_type=\"widget\" data-widget_type=\"heading.default\">\n\t\t\t\t<div class=\"elementor-widget-container\">\n\t\t\t\t\t<h2 class=\"elementor-heading-title elementor-size-default\">Seguridad Industrial<\/h2>\t\t\t\t<\/div>\n\t\t\t\t<\/div>\n\t\t\t\t<div class=\"elementor-element elementor-element-194abfb elementor-widget elementor-widget-text-editor\" data-id=\"194abfb\" data-element_type=\"widget\" data-widget_type=\"text-editor.default\">\n\t\t\t\t<div class=\"elementor-widget-container\">\n\t\t\t\t\t\t\t\t\t<p>Protecci\u00f3n profesional para entornos exigentes.<\/p>\t\t\t\t\t\t\t\t<\/div>\n\t\t\t\t<\/div>\n\t\t<div class=\"elementor-element elementor-element-e00b66a e-con-full e-flex e-con e-child\" data-id=\"e00b66a\" data-element_type=\"container\" data-settings=\"{&quot;background_background&quot;:&quot;gradient&quot;}\">\n\t\t\t\t<\/div>\n\t\t\t\t<div class=\"elementor-element elementor-element-c251e5a elementor-widget elementor-widget-text-editor\" data-id=\"c251e5a\" data-element_type=\"widget\" data-widget_type=\"text-editor.default\">\n\t\t\t\t<div class=\"elementor-widget-container\">\n\t\t\t\t\t\t\t\t\t<p>Distribuimos elementos de protecci\u00f3n personal (EPP) y equipos de seguridad industrial dise\u00f1ados para proteger al operario durante procesos de soldadura, oxicorte y actividades afines, cumpliendo con normativas de seguridad laboral. Nuestra oferta incluye:<\/p><ul><li>Guantes de carnaza y vaqueta, resistentes al calor y a la abrasi\u00f3n.<\/li><li>Indumentaria de protecci\u00f3n en vaqueta y carnaza: petos, mangas, polainas y capuchones, dise\u00f1ados para condiciones de alto riesgo t\u00e9rmico y mec\u00e1nico.<\/li><li>Caretas para soldar y esmerilar, as\u00ed como gafas especializadas para procesos de oxicorte y soldadura, que ofrecen protecci\u00f3n visual certificada.<\/li><li>Protectores auditivos, ideales para ambientes con altos niveles de ruido, garantizando confort y seguridad en jornadas prolongadas.<\/li><\/ul><p>\u00a0<\/p>\t\t\t\t\t\t\t\t<\/div>\n\t\t\t\t<\/div>\n\t\t\t\t<\/div>\n\t\t\t\t\t<\/div>\n\t\t\t\t<\/div>\n\t\t\t\t<\/div>\n\t\t<div class=\"elementor-element elementor-element-17d82ba e-con-full e-flex e-con e-parent\" data-id=\"17d82ba\" data-element_type=\"container\">\n\t\t\t\t<div class=\"elementor-element elementor-element-a3fc250 elementor-widget elementor-widget-text-editor\" data-id=\"a3fc250\" data-element_type=\"widget\" data-widget_type=\"text-editor.default\">\n\t\t\t\t<div class=\"elementor-widget-container\">\n\t\t\t\t\t\t\t\t\tTodos nuestros productos son seleccionados por su calidad, durabilidad y compatibilidad con los est\u00e1ndares exigidos por la industria.\t\t\t\t\t\t\t\t<\/div>\n\t\t\t\t<\/div>\n\t\t\t\t<\/div>\n\t\t\t\t<\/div>\n\t\t","protected":false},"excerpt":{"rendered":"<p>Seguridad Industrial Protecci\u00f3n profesional para entornos exigentes Seguridad Industrial Protecci\u00f3n profesional para entornos exigentes. Distribuimos elementos de protecci\u00f3n personal (EPP) y equipos de seguridad industrial dise\u00f1ados para proteger al operario durante procesos de soldadura, oxicorte y actividades afines, cumpliendo con normativas de seguridad laboral. Nuestra oferta incluye: Guantes de carnaza y vaqueta, resistentes al calor [&hellip;]<\/p>\n","protected":false},"author":2,"featured_media":0,"parent":0,"menu_order":0,"comment_status":"closed","ping_status":"closed","template":"elementor_header_footer","meta":{"_acf_changed":false,"footnotes":""},"class_list":["post-1396","page","type-page","status-publish","hentry"],"acf":[],"_links":{"self":[{"href":"https:\/\/oxinova.com\/index.php\/wp-json\/wp\/v2\/pages\/1396","targetHints":{"allow":["GET"]}}],"collection":[{"href":"https:\/\/oxinova.com\/index.php\/wp-json\/wp\/v2\/pages"}],"about":[{"href":"https:\/\/oxinova.com\/index.php\/wp-json\/wp\/v2\/types\/page"}],"author":[{"embeddable":true,"href":"https:\/\/oxinova.com\/index.php\/wp-json\/wp\/v2\/users\/2"}],"replies":[{"embeddable":true,"href":"https:\/\/oxinova.com\/index.php\/wp-json\/wp\/v2\/comments?post=1396"}],"version-history":[{"count":46,"href":"https:\/\/oxinova.com\/index.php\/wp-json\/wp\/v2\/pages\/1396\/revisions"}],"predecessor-version":[{"id":2963,"href":"https:\/\/oxinova.com\/index.php\/wp-json\/wp\/v2\/pages\/1396\/revisions\/2963"}],"wp:attachment":[{"href":"https:\/\/oxinova.com\/index.php\/wp-json\/wp\/v2\/media?parent=1396"}],"curies":[{"name":"wp","href":"https:\/\/api.w.org\/{rel}","templated":true}]}}