{"id":1375,"date":"2025-05-15T15:00:08","date_gmt":"2025-05-15T15:00:08","guid":{"rendered":"https:\/\/oxinova.com\/?page_id=1375"},"modified":"2025-06-06T16:48:44","modified_gmt":"2025-06-06T16:48:44","slug":"abrasivos","status":"publish","type":"page","link":"https:\/\/oxinova.com\/index.php\/abrasivos\/","title":{"rendered":"Abrasivos"},"content":{"rendered":"\t\t<div data-elementor-type=\"wp-page\" data-elementor-id=\"1375\" class=\"elementor elementor-1375\" data-elementor-post-type=\"page\">\n\t\t\t\t<div class=\"elementor-element elementor-element-787a07b e-con-full e-flex e-con e-parent\" data-id=\"787a07b\" data-element_type=\"container\" data-settings=\"{&quot;background_background&quot;:&quot;classic&quot;}\">\n\t\t\t\t<div class=\"elementor-element elementor-element-9d85e81 elementor-widget elementor-widget-heading\" data-id=\"9d85e81\" data-element_type=\"widget\" data-widget_type=\"heading.default\">\n\t\t\t\t<div class=\"elementor-widget-container\">\n\t\t\t\t\t<h2 class=\"elementor-heading-title elementor-size-default\">Abrasivos<\/h2>\t\t\t\t<\/div>\n\t\t\t\t<\/div>\n\t\t\t\t<div class=\"elementor-element elementor-element-bd5e90b elementor-widget elementor-widget-text-editor\" data-id=\"bd5e90b\" data-element_type=\"widget\" data-widget_type=\"text-editor.default\">\n\t\t\t\t<div class=\"elementor-widget-container\">\n\t\t\t\t\t\t\t\t\t<p>Potencia y precisi\u00f3n en cada corte<\/p>\t\t\t\t\t\t\t\t<\/div>\n\t\t\t\t<\/div>\n\t\t\t\t<\/div>\n\t\t<div class=\"elementor-element elementor-element-0f54b84 e-con-full e-flex e-con e-parent\" data-id=\"0f54b84\" data-element_type=\"container\">\n\t\t<div class=\"elementor-element elementor-element-19f1470 e-flex e-con-boxed e-con e-child\" data-id=\"19f1470\" data-element_type=\"container\">\n\t\t\t\t\t<div class=\"e-con-inner\">\n\t\t\t\t<div class=\"elementor-element elementor-element-36f3799 elementor-pagination-type-bullets elementor-arrows-position-inside elementor-pagination-position-outside elementor-widget elementor-widget-n-carousel\" data-id=\"36f3799\" data-element_type=\"widget\" data-settings=\"{&quot;carousel_items&quot;:[{&quot;slide_title&quot;:&quot;Diapositiva n\\u00ba 1&quot;,&quot;_id&quot;:&quot;9907351&quot;},{&quot;slide_title&quot;:&quot;Diapositiva n\\u00ba 2&quot;,&quot;_id&quot;:&quot;cfd96d5&quot;}],&quot;slides_to_show&quot;:&quot;1&quot;,&quot;autoplay_speed&quot;:1500,&quot;image_spacing_custom&quot;:{&quot;unit&quot;:&quot;px&quot;,&quot;size&quot;:0,&quot;sizes&quot;:[]},&quot;slides_to_show_tablet&quot;:&quot;2&quot;,&quot;slides_to_show_mobile&quot;:&quot;1&quot;,&quot;autoplay&quot;:&quot;yes&quot;,&quot;pause_on_hover&quot;:&quot;yes&quot;,&quot;pause_on_interaction&quot;:&quot;yes&quot;,&quot;infinite&quot;:&quot;yes&quot;,&quot;speed&quot;:500,&quot;offset_sides&quot;:&quot;none&quot;,&quot;arrows&quot;:&quot;yes&quot;,&quot;pagination&quot;:&quot;bullets&quot;,&quot;image_spacing_custom_widescreen&quot;:{&quot;unit&quot;:&quot;px&quot;,&quot;size&quot;:&quot;&quot;,&quot;sizes&quot;:[]},&quot;image_spacing_custom_laptop&quot;:{&quot;unit&quot;:&quot;px&quot;,&quot;size&quot;:&quot;&quot;,&quot;sizes&quot;:[]},&quot;image_spacing_custom_tablet&quot;:{&quot;unit&quot;:&quot;px&quot;,&quot;size&quot;:&quot;&quot;,&quot;sizes&quot;:[]},&quot;image_spacing_custom_mobile&quot;:{&quot;unit&quot;:&quot;px&quot;,&quot;size&quot;:&quot;&quot;,&quot;sizes&quot;:[]}}\" data-widget_type=\"nested-carousel.default\">\n\t\t\t\t<div class=\"elementor-widget-container\">\n\t\t\t\t\t\t\t<div class=\"e-n-carousel swiper\" role=\"region\" aria-roledescription=\"carousel\" aria-label=\"Carrusel\" dir=\"ltr\">\n\t\t\t<div class=\"swiper-wrapper\" aria-live=\"off\">\n\t\t\t\t\t\t\t\t\t\t<div class=\"swiper-slide\" data-slide=\"1\" role=\"group\" aria-roledescription=\"slide\" aria-label=\"1 of 2\">\n\t\t\t\t\t\t\t<div class=\"elementor-element elementor-element-a47a1ac e-flex e-con-boxed e-con e-child\" data-id=\"a47a1ac\" data-element_type=\"container\">\n\t\t\t\t\t<div class=\"e-con-inner\">\n\t\t\t\t<div class=\"elementor-element elementor-element-62061be elementor-widget elementor-widget-image\" data-id=\"62061be\" data-element_type=\"widget\" data-widget_type=\"image.default\">\n\t\t\t\t<div class=\"elementor-widget-container\">\n\t\t\t\t\t\t\t\t\t\t\t\t\t\t\t<img fetchpriority=\"high\" decoding=\"async\" width=\"800\" height=\"534\" src=\"https:\/\/oxinova.com\/wp-content\/uploads\/2025\/05\/DSC02565-1024x683.jpg\" class=\"attachment-large size-large wp-image-1457\" alt=\"\" srcset=\"https:\/\/oxinova.com\/wp-content\/uploads\/2025\/05\/DSC02565-1024x683.jpg 1024w, https:\/\/oxinova.com\/wp-content\/uploads\/2025\/05\/DSC02565-300x200.jpg 300w, https:\/\/oxinova.com\/wp-content\/uploads\/2025\/05\/DSC02565-768x512.jpg 768w, https:\/\/oxinova.com\/wp-content\/uploads\/2025\/05\/DSC02565-1536x1024.jpg 1536w, https:\/\/oxinova.com\/wp-content\/uploads\/2025\/05\/DSC02565-600x400.jpg 600w, https:\/\/oxinova.com\/wp-content\/uploads\/2025\/05\/DSC02565.jpg 2048w\" sizes=\"(max-width: 800px) 100vw, 800px\" \/>\t\t\t\t\t\t\t\t\t\t\t\t\t\t\t<\/div>\n\t\t\t\t<\/div>\n\t\t\t\t\t<\/div>\n\t\t\t\t<\/div>\n\t\t\t\t\t\t\t\t<\/div>\n\t\t\t\t\t\t\t\t\t\t\t<div class=\"swiper-slide\" data-slide=\"2\" role=\"group\" aria-roledescription=\"slide\" aria-label=\"2 of 2\">\n\t\t\t\t\t\t\t<div class=\"elementor-element elementor-element-d182722 e-flex e-con-boxed e-con e-child\" data-id=\"d182722\" data-element_type=\"container\">\n\t\t\t\t\t<div class=\"e-con-inner\">\n\t\t\t\t<div class=\"elementor-element elementor-element-6595d1a elementor-widget elementor-widget-image\" data-id=\"6595d1a\" data-element_type=\"widget\" data-widget_type=\"image.default\">\n\t\t\t\t<div class=\"elementor-widget-container\">\n\t\t\t\t\t\t\t\t\t\t\t\t\t\t\t<img decoding=\"async\" width=\"800\" height=\"534\" src=\"https:\/\/oxinova.com\/wp-content\/uploads\/2025\/05\/DSC02574-1024x683.jpg\" class=\"attachment-large size-large wp-image-1460\" alt=\"\" srcset=\"https:\/\/oxinova.com\/wp-content\/uploads\/2025\/05\/DSC02574-1024x683.jpg 1024w, https:\/\/oxinova.com\/wp-content\/uploads\/2025\/05\/DSC02574-300x200.jpg 300w, https:\/\/oxinova.com\/wp-content\/uploads\/2025\/05\/DSC02574-768x512.jpg 768w, https:\/\/oxinova.com\/wp-content\/uploads\/2025\/05\/DSC02574-1536x1024.jpg 1536w, https:\/\/oxinova.com\/wp-content\/uploads\/2025\/05\/DSC02574-600x400.jpg 600w, https:\/\/oxinova.com\/wp-content\/uploads\/2025\/05\/DSC02574.jpg 2048w\" sizes=\"(max-width: 800px) 100vw, 800px\" \/>\t\t\t\t\t\t\t\t\t\t\t\t\t\t\t<\/div>\n\t\t\t\t<\/div>\n\t\t\t\t\t<\/div>\n\t\t\t\t<\/div>\n\t\t\t\t\t\t\t\t<\/div>\n\t\t\t\t\t\t\t\t<\/div>\n\t\t<\/div>\n\t\t\t\t\t<div class=\"elementor-swiper-button elementor-swiper-button-prev\" role=\"button\" tabindex=\"0\" aria-label=\"Anterior\">\n\t\t\t\t<svg aria-hidden=\"true\" class=\"e-font-icon-svg e-eicon-chevron-left\" viewBox=\"0 0 1000 1000\" xmlns=\"http:\/\/www.w3.org\/2000\/svg\"><path d=\"M646 125C629 125 613 133 604 142L308 442C296 454 292 471 292 487 292 504 296 521 308 533L604 854C617 867 629 875 646 875 663 875 679 871 692 858 704 846 713 829 713 812 713 796 708 779 692 767L438 487 692 225C700 217 708 204 708 187 708 171 704 154 692 142 675 129 663 125 646 125Z\"><\/path><\/svg>\t\t\t<\/div>\n\t\t\t<div class=\"elementor-swiper-button elementor-swiper-button-next\" role=\"button\" tabindex=\"0\" aria-label=\"Siguiente\">\n\t\t\t\t<svg aria-hidden=\"true\" class=\"e-font-icon-svg e-eicon-chevron-right\" viewBox=\"0 0 1000 1000\" xmlns=\"http:\/\/www.w3.org\/2000\/svg\"><path d=\"M696 533C708 521 713 504 713 487 713 471 708 454 696 446L400 146C388 133 375 125 354 125 338 125 325 129 313 142 300 154 292 171 292 187 292 204 296 221 308 233L563 492 304 771C292 783 288 800 288 817 288 833 296 850 308 863 321 871 338 875 354 875 371 875 388 867 400 854L696 533Z\"><\/path><\/svg>\t\t\t<\/div>\n\t\t\t\t\t<div class=\"swiper-pagination\"><\/div>\n\t\t\t\t\t\t<\/div>\n\t\t\t\t<\/div>\n\t\t\t\t\t<\/div>\n\t\t\t\t<\/div>\n\t\t<div class=\"elementor-element elementor-element-4e25720 e-flex e-con-boxed e-con e-child\" data-id=\"4e25720\" data-element_type=\"container\">\n\t\t\t\t\t<div class=\"e-con-inner\">\n\t\t<div class=\"elementor-element elementor-element-3af9454 e-con-full e-flex e-con e-child\" data-id=\"3af9454\" data-element_type=\"container\" data-settings=\"{&quot;background_background&quot;:&quot;classic&quot;}\">\n\t\t\t\t<div class=\"elementor-element elementor-element-aeed17b elementor-widget elementor-widget-heading\" data-id=\"aeed17b\" data-element_type=\"widget\" data-widget_type=\"heading.default\">\n\t\t\t\t<div class=\"elementor-widget-container\">\n\t\t\t\t\t<h2 class=\"elementor-heading-title elementor-size-default\">Abrasivos<\/h2>\t\t\t\t<\/div>\n\t\t\t\t<\/div>\n\t\t\t\t<div class=\"elementor-element elementor-element-fb0fd84 elementor-widget elementor-widget-text-editor\" data-id=\"fb0fd84\" data-element_type=\"widget\" data-widget_type=\"text-editor.default\">\n\t\t\t\t<div class=\"elementor-widget-container\">\n\t\t\t\t\t\t\t\t\t<p>Potencia y precisi\u00f3n en cada corte.<\/p>\t\t\t\t\t\t\t\t<\/div>\n\t\t\t\t<\/div>\n\t\t<div class=\"elementor-element elementor-element-37a1374 e-con-full e-flex e-con e-child\" data-id=\"37a1374\" data-element_type=\"container\" data-settings=\"{&quot;background_background&quot;:&quot;gradient&quot;}\">\n\t\t\t\t<\/div>\n\t\t\t\t<div class=\"elementor-element elementor-element-5b4f698 elementor-widget elementor-widget-text-editor\" data-id=\"5b4f698\" data-element_type=\"widget\" data-widget_type=\"text-editor.default\">\n\t\t\t\t<div class=\"elementor-widget-container\">\n\t\t\t\t\t\t\t\t\t<p>Ofrecemos una l\u00ednea completa de abrasivos dise\u00f1ados para corte, desbaste, pulido y acabado en metales y otras superficies, con alto rendimiento y adaptabilidad a diversas aplicaciones industriales. Nuestro portafolio incluye:<\/p><ul><li>Discos de corte, pulido y brillo, ideales para procesos de manufactura, mantenimiento y acabados de alta precisi\u00f3n.<\/li><li>Lijas al agua, disponibles en m\u00faltiples granulometr\u00edas para trabajos de detalle y terminaciones finas.<\/li><\/ul><ul><li>Piedras para motortool, utilizadas en tareas de rectificado, perfilado y acabado en zonas de dif\u00edcil acceso.<\/li><li>Gratas industriales tipo leng\u00fceta, entorchadas y de copa, eficaces en la remoci\u00f3n de \u00f3xido, pintura y preparaci\u00f3n de superficies.<\/li><li>Discos Carboflap, que ofrecen una combinaci\u00f3n \u00f3ptima entre agresividad de desbaste y calidad de acabado superficial.<\/li><\/ul><p>\u00a0<\/p>\t\t\t\t\t\t\t\t<\/div>\n\t\t\t\t<\/div>\n\t\t\t\t<\/div>\n\t\t\t\t\t<\/div>\n\t\t\t\t<\/div>\n\t\t\t\t<\/div>\n\t\t<div class=\"elementor-element elementor-element-810fa90 e-con-full e-flex e-con e-parent\" data-id=\"810fa90\" data-element_type=\"container\">\n\t\t\t\t<div class=\"elementor-element elementor-element-bca0ca7 elementor-widget elementor-widget-text-editor\" data-id=\"bca0ca7\" data-element_type=\"widget\" data-widget_type=\"text-editor.default\">\n\t\t\t\t<div class=\"elementor-widget-container\">\n\t\t\t\t\t\t\t\t\t<p style=\"text-align: center;\">Todos nuestros productos est\u00e1n respaldados por marcas l\u00edderes del sector y seleccionados para garantizar durabilidad, eficiencia operativa y compatibilidad con los m\u00e1s exigentes est\u00e1ndares industriales.<\/p>\t\t\t\t\t\t\t\t<\/div>\n\t\t\t\t<\/div>\n\t\t\t\t<\/div>\n\t\t\t\t<\/div>\n\t\t","protected":false},"excerpt":{"rendered":"<p>Abrasivos Potencia y precisi\u00f3n en cada corte Abrasivos Potencia y precisi\u00f3n en cada corte. Ofrecemos una l\u00ednea completa de abrasivos dise\u00f1ados para corte, desbaste, pulido y acabado en metales y otras superficies, con alto rendimiento y adaptabilidad a diversas aplicaciones industriales. Nuestro portafolio incluye: Discos de corte, pulido y brillo, ideales para procesos de manufactura, [&hellip;]<\/p>\n","protected":false},"author":2,"featured_media":0,"parent":0,"menu_order":0,"comment_status":"closed","ping_status":"closed","template":"elementor_header_footer","meta":{"_acf_changed":false,"footnotes":""},"class_list":["post-1375","page","type-page","status-publish","hentry"],"acf":[],"_links":{"self":[{"href":"https:\/\/oxinova.com\/index.php\/wp-json\/wp\/v2\/pages\/1375","targetHints":{"allow":["GET"]}}],"collection":[{"href":"https:\/\/oxinova.com\/index.php\/wp-json\/wp\/v2\/pages"}],"about":[{"href":"https:\/\/oxinova.com\/index.php\/wp-json\/wp\/v2\/types\/page"}],"author":[{"embeddable":true,"href":"https:\/\/oxinova.com\/index.php\/wp-json\/wp\/v2\/users\/2"}],"replies":[{"embeddable":true,"href":"https:\/\/oxinova.com\/index.php\/wp-json\/wp\/v2\/comments?post=1375"}],"version-history":[{"count":47,"href":"https:\/\/oxinova.com\/index.php\/wp-json\/wp\/v2\/pages\/1375\/revisions"}],"predecessor-version":[{"id":2954,"href":"https:\/\/oxinova.com\/index.php\/wp-json\/wp\/v2\/pages\/1375\/revisions\/2954"}],"wp:attachment":[{"href":"https:\/\/oxinova.com\/index.php\/wp-json\/wp\/v2\/media?parent=1375"}],"curies":[{"name":"wp","href":"https:\/\/api.w.org\/{rel}","templated":true}]}}