{"id":1370,"date":"2025-05-15T14:49:16","date_gmt":"2025-05-15T14:49:16","guid":{"rendered":"https:\/\/oxinova.com\/?page_id=1370"},"modified":"2025-06-06T16:30:35","modified_gmt":"2025-06-06T16:30:35","slug":"soldadura","status":"publish","type":"page","link":"https:\/\/oxinova.com\/index.php\/soldadura\/","title":{"rendered":"Soldadura"},"content":{"rendered":"\t\t<div data-elementor-type=\"wp-page\" data-elementor-id=\"1370\" class=\"elementor elementor-1370\" data-elementor-post-type=\"page\">\n\t\t\t\t<div class=\"elementor-element elementor-element-b011c12 e-con-full e-flex e-con e-parent\" data-id=\"b011c12\" data-element_type=\"container\" data-settings=\"{&quot;background_background&quot;:&quot;classic&quot;}\">\n\t\t\t\t<div class=\"elementor-element elementor-element-103b6bd elementor-widget elementor-widget-heading\" data-id=\"103b6bd\" data-element_type=\"widget\" data-widget_type=\"heading.default\">\n\t\t\t\t<div class=\"elementor-widget-container\">\n\t\t\t\t\t<h2 class=\"elementor-heading-title elementor-size-default\">Soldadura<\/h2>\t\t\t\t<\/div>\n\t\t\t\t<\/div>\n\t\t\t\t<div class=\"elementor-element elementor-element-eb3589d elementor-widget elementor-widget-text-editor\" data-id=\"eb3589d\" data-element_type=\"widget\" data-widget_type=\"text-editor.default\">\n\t\t\t\t<div class=\"elementor-widget-container\">\n\t\t\t\t\t\t\t\t\t<p>Soluciones de soldadura para cada aplicaci\u00f3n.<\/p>\t\t\t\t\t\t\t\t<\/div>\n\t\t\t\t<\/div>\n\t\t\t\t<\/div>\n\t\t<div class=\"elementor-element elementor-element-2c0ad4a e-con-full e-flex e-con e-parent\" data-id=\"2c0ad4a\" data-element_type=\"container\">\n\t\t<div class=\"elementor-element elementor-element-4ae8c40 e-flex e-con-boxed e-con e-child\" data-id=\"4ae8c40\" data-element_type=\"container\">\n\t\t\t\t\t<div class=\"e-con-inner\">\n\t\t<div class=\"elementor-element elementor-element-be9d7fa e-con-full e-flex e-con e-child\" data-id=\"be9d7fa\" data-element_type=\"container\">\n\t\t\t\t<div class=\"elementor-element elementor-element-5fcbbbf elementor-pagination-type-bullets elementor-arrows-position-inside elementor-pagination-position-outside elementor-widget elementor-widget-n-carousel\" data-id=\"5fcbbbf\" data-element_type=\"widget\" data-settings=\"{&quot;carousel_items&quot;:[{&quot;slide_title&quot;:&quot;Diapositiva n\\u00ba 1&quot;,&quot;_id&quot;:&quot;9907351&quot;},{&quot;slide_title&quot;:&quot;Diapositiva n\\u00ba 2&quot;,&quot;_id&quot;:&quot;cfd96d5&quot;},{&quot;slide_title&quot;:&quot;Diapositiva n\\u00ba 3&quot;,&quot;_id&quot;:&quot;336164c&quot;},{&quot;_id&quot;:&quot;235b30f&quot;,&quot;slide_title&quot;:&quot;Diapositiva n\\u00ba 4&quot;}],&quot;slides_to_show&quot;:&quot;1&quot;,&quot;autoplay_speed&quot;:1500,&quot;image_spacing_custom&quot;:{&quot;unit&quot;:&quot;px&quot;,&quot;size&quot;:0,&quot;sizes&quot;:[]},&quot;slides_to_show_tablet&quot;:&quot;2&quot;,&quot;slides_to_show_mobile&quot;:&quot;1&quot;,&quot;autoplay&quot;:&quot;yes&quot;,&quot;pause_on_hover&quot;:&quot;yes&quot;,&quot;pause_on_interaction&quot;:&quot;yes&quot;,&quot;infinite&quot;:&quot;yes&quot;,&quot;speed&quot;:500,&quot;offset_sides&quot;:&quot;none&quot;,&quot;arrows&quot;:&quot;yes&quot;,&quot;pagination&quot;:&quot;bullets&quot;,&quot;image_spacing_custom_widescreen&quot;:{&quot;unit&quot;:&quot;px&quot;,&quot;size&quot;:&quot;&quot;,&quot;sizes&quot;:[]},&quot;image_spacing_custom_laptop&quot;:{&quot;unit&quot;:&quot;px&quot;,&quot;size&quot;:&quot;&quot;,&quot;sizes&quot;:[]},&quot;image_spacing_custom_tablet&quot;:{&quot;unit&quot;:&quot;px&quot;,&quot;size&quot;:&quot;&quot;,&quot;sizes&quot;:[]},&quot;image_spacing_custom_mobile&quot;:{&quot;unit&quot;:&quot;px&quot;,&quot;size&quot;:&quot;&quot;,&quot;sizes&quot;:[]}}\" data-widget_type=\"nested-carousel.default\">\n\t\t\t\t<div class=\"elementor-widget-container\">\n\t\t\t\t\t\t\t<div class=\"e-n-carousel swiper\" role=\"region\" aria-roledescription=\"carousel\" aria-label=\"Carrusel\" dir=\"ltr\">\n\t\t\t<div class=\"swiper-wrapper\" aria-live=\"off\">\n\t\t\t\t\t\t\t\t\t\t<div class=\"swiper-slide\" data-slide=\"1\" role=\"group\" aria-roledescription=\"slide\" aria-label=\"1 of 4\">\n\t\t\t\t\t\t\t<div class=\"elementor-element elementor-element-ff99b0c e-flex e-con-boxed e-con e-child\" data-id=\"ff99b0c\" data-element_type=\"container\">\n\t\t\t\t\t<div class=\"e-con-inner\">\n\t\t\t\t<div class=\"elementor-element elementor-element-65f417f elementor-widget elementor-widget-image\" data-id=\"65f417f\" data-element_type=\"widget\" data-widget_type=\"image.default\">\n\t\t\t\t<div class=\"elementor-widget-container\">\n\t\t\t\t\t\t\t\t\t\t\t\t\t\t\t<img fetchpriority=\"high\" decoding=\"async\" width=\"800\" height=\"534\" src=\"https:\/\/oxinova.com\/wp-content\/uploads\/2025\/05\/DSC02700-1024x683.jpg\" class=\"attachment-large size-large wp-image-1517\" alt=\"\" srcset=\"https:\/\/oxinova.com\/wp-content\/uploads\/2025\/05\/DSC02700-1024x683.jpg 1024w, https:\/\/oxinova.com\/wp-content\/uploads\/2025\/05\/DSC02700-300x200.jpg 300w, https:\/\/oxinova.com\/wp-content\/uploads\/2025\/05\/DSC02700-768x512.jpg 768w, https:\/\/oxinova.com\/wp-content\/uploads\/2025\/05\/DSC02700-1536x1024.jpg 1536w, https:\/\/oxinova.com\/wp-content\/uploads\/2025\/05\/DSC02700-600x400.jpg 600w, https:\/\/oxinova.com\/wp-content\/uploads\/2025\/05\/DSC02700.jpg 2048w\" sizes=\"(max-width: 800px) 100vw, 800px\" \/>\t\t\t\t\t\t\t\t\t\t\t\t\t\t\t<\/div>\n\t\t\t\t<\/div>\n\t\t\t\t\t<\/div>\n\t\t\t\t<\/div>\n\t\t\t\t\t\t\t\t<\/div>\n\t\t\t\t\t\t\t\t\t\t\t<div class=\"swiper-slide\" data-slide=\"2\" role=\"group\" aria-roledescription=\"slide\" aria-label=\"2 of 4\">\n\t\t\t\t\t\t\t<div class=\"elementor-element elementor-element-8bef585 e-flex e-con-boxed e-con e-child\" data-id=\"8bef585\" data-element_type=\"container\">\n\t\t\t\t\t<div class=\"e-con-inner\">\n\t\t\t\t<div class=\"elementor-element elementor-element-438b2f1 elementor-widget elementor-widget-image\" data-id=\"438b2f1\" data-element_type=\"widget\" data-widget_type=\"image.default\">\n\t\t\t\t<div class=\"elementor-widget-container\">\n\t\t\t\t\t\t\t\t\t\t\t\t\t\t\t<img decoding=\"async\" width=\"800\" height=\"534\" src=\"https:\/\/oxinova.com\/wp-content\/uploads\/2025\/05\/DSC02699-1024x683.jpg\" class=\"attachment-large size-large wp-image-1516\" alt=\"\" srcset=\"https:\/\/oxinova.com\/wp-content\/uploads\/2025\/05\/DSC02699-1024x683.jpg 1024w, https:\/\/oxinova.com\/wp-content\/uploads\/2025\/05\/DSC02699-300x200.jpg 300w, https:\/\/oxinova.com\/wp-content\/uploads\/2025\/05\/DSC02699-768x512.jpg 768w, https:\/\/oxinova.com\/wp-content\/uploads\/2025\/05\/DSC02699-1536x1024.jpg 1536w, https:\/\/oxinova.com\/wp-content\/uploads\/2025\/05\/DSC02699-600x400.jpg 600w, https:\/\/oxinova.com\/wp-content\/uploads\/2025\/05\/DSC02699.jpg 2048w\" sizes=\"(max-width: 800px) 100vw, 800px\" \/>\t\t\t\t\t\t\t\t\t\t\t\t\t\t\t<\/div>\n\t\t\t\t<\/div>\n\t\t\t\t\t<\/div>\n\t\t\t\t<\/div>\n\t\t\t\t\t\t\t\t<\/div>\n\t\t\t\t\t\t\t\t\t\t\t<div class=\"swiper-slide\" data-slide=\"3\" role=\"group\" aria-roledescription=\"slide\" aria-label=\"3 of 4\">\n\t\t\t\t\t\t\t<div class=\"elementor-element elementor-element-4fedf87 e-flex e-con-boxed e-con e-child\" data-id=\"4fedf87\" data-element_type=\"container\">\n\t\t\t\t\t<div class=\"e-con-inner\">\n\t\t\t\t<div class=\"elementor-element elementor-element-ffe91a4 elementor-widget elementor-widget-image\" data-id=\"ffe91a4\" data-element_type=\"widget\" data-widget_type=\"image.default\">\n\t\t\t\t<div class=\"elementor-widget-container\">\n\t\t\t\t\t\t\t\t\t\t\t\t\t\t\t<img decoding=\"async\" width=\"800\" height=\"534\" src=\"https:\/\/oxinova.com\/wp-content\/uploads\/2025\/05\/DSC02698-1024x683.jpg\" class=\"attachment-large size-large wp-image-1515\" alt=\"\" srcset=\"https:\/\/oxinova.com\/wp-content\/uploads\/2025\/05\/DSC02698-1024x683.jpg 1024w, https:\/\/oxinova.com\/wp-content\/uploads\/2025\/05\/DSC02698-300x200.jpg 300w, https:\/\/oxinova.com\/wp-content\/uploads\/2025\/05\/DSC02698-768x512.jpg 768w, https:\/\/oxinova.com\/wp-content\/uploads\/2025\/05\/DSC02698-1536x1024.jpg 1536w, https:\/\/oxinova.com\/wp-content\/uploads\/2025\/05\/DSC02698-600x400.jpg 600w, https:\/\/oxinova.com\/wp-content\/uploads\/2025\/05\/DSC02698.jpg 2048w\" sizes=\"(max-width: 800px) 100vw, 800px\" \/>\t\t\t\t\t\t\t\t\t\t\t\t\t\t\t<\/div>\n\t\t\t\t<\/div>\n\t\t\t\t\t<\/div>\n\t\t\t\t<\/div>\n\t\t\t\t\t\t\t\t<\/div>\n\t\t\t\t\t\t\t\t\t\t\t<div class=\"swiper-slide\" data-slide=\"4\" role=\"group\" aria-roledescription=\"slide\" aria-label=\"4 of 4\">\n\t\t\t\t\t\t\t<div class=\"elementor-element elementor-element-9b43a33 e-flex e-con-boxed e-con e-child\" data-id=\"9b43a33\" data-element_type=\"container\">\n\t\t\t\t\t<div class=\"e-con-inner\">\n\t\t\t\t<div class=\"elementor-element elementor-element-3bb6063 elementor-widget elementor-widget-image\" data-id=\"3bb6063\" data-element_type=\"widget\" data-widget_type=\"image.default\">\n\t\t\t\t<div class=\"elementor-widget-container\">\n\t\t\t\t\t\t\t\t\t\t\t\t\t\t\t<img loading=\"lazy\" decoding=\"async\" width=\"800\" height=\"534\" src=\"https:\/\/oxinova.com\/wp-content\/uploads\/2025\/05\/DSC02707-1024x683.jpg\" class=\"attachment-large size-large wp-image-1518\" alt=\"\" srcset=\"https:\/\/oxinova.com\/wp-content\/uploads\/2025\/05\/DSC02707-1024x683.jpg 1024w, https:\/\/oxinova.com\/wp-content\/uploads\/2025\/05\/DSC02707-300x200.jpg 300w, https:\/\/oxinova.com\/wp-content\/uploads\/2025\/05\/DSC02707-768x512.jpg 768w, https:\/\/oxinova.com\/wp-content\/uploads\/2025\/05\/DSC02707-1536x1024.jpg 1536w, https:\/\/oxinova.com\/wp-content\/uploads\/2025\/05\/DSC02707-600x400.jpg 600w, https:\/\/oxinova.com\/wp-content\/uploads\/2025\/05\/DSC02707.jpg 2048w\" sizes=\"(max-width: 800px) 100vw, 800px\" \/>\t\t\t\t\t\t\t\t\t\t\t\t\t\t\t<\/div>\n\t\t\t\t<\/div>\n\t\t\t\t\t<\/div>\n\t\t\t\t<\/div>\n\t\t\t\t\t\t\t\t<\/div>\n\t\t\t\t\t\t\t\t<\/div>\n\t\t<\/div>\n\t\t\t\t\t<div class=\"elementor-swiper-button elementor-swiper-button-prev\" role=\"button\" tabindex=\"0\" aria-label=\"Anterior\">\n\t\t\t\t<svg aria-hidden=\"true\" class=\"e-font-icon-svg e-eicon-chevron-left\" viewBox=\"0 0 1000 1000\" xmlns=\"http:\/\/www.w3.org\/2000\/svg\"><path d=\"M646 125C629 125 613 133 604 142L308 442C296 454 292 471 292 487 292 504 296 521 308 533L604 854C617 867 629 875 646 875 663 875 679 871 692 858 704 846 713 829 713 812 713 796 708 779 692 767L438 487 692 225C700 217 708 204 708 187 708 171 704 154 692 142 675 129 663 125 646 125Z\"><\/path><\/svg>\t\t\t<\/div>\n\t\t\t<div class=\"elementor-swiper-button elementor-swiper-button-next\" role=\"button\" tabindex=\"0\" aria-label=\"Siguiente\">\n\t\t\t\t<svg aria-hidden=\"true\" class=\"e-font-icon-svg e-eicon-chevron-right\" viewBox=\"0 0 1000 1000\" xmlns=\"http:\/\/www.w3.org\/2000\/svg\"><path d=\"M696 533C708 521 713 504 713 487 713 471 708 454 696 446L400 146C388 133 375 125 354 125 338 125 325 129 313 142 300 154 292 171 292 187 292 204 296 221 308 233L563 492 304 771C292 783 288 800 288 817 288 833 296 850 308 863 321 871 338 875 354 875 371 875 388 867 400 854L696 533Z\"><\/path><\/svg>\t\t\t<\/div>\n\t\t\t\t\t<div class=\"swiper-pagination\"><\/div>\n\t\t\t\t\t\t<\/div>\n\t\t\t\t<\/div>\n\t\t\t\t<\/div>\n\t\t\t\t\t<\/div>\n\t\t\t\t<\/div>\n\t\t<div class=\"elementor-element elementor-element-4dbdb42 e-flex e-con-boxed e-con e-child\" data-id=\"4dbdb42\" data-element_type=\"container\">\n\t\t\t\t\t<div class=\"e-con-inner\">\n\t\t<div class=\"elementor-element elementor-element-9788b6b e-con-full e-flex e-con e-child\" data-id=\"9788b6b\" data-element_type=\"container\" data-settings=\"{&quot;background_background&quot;:&quot;classic&quot;}\">\n\t\t\t\t<div class=\"elementor-element elementor-element-3d0a861 elementor-widget elementor-widget-heading\" data-id=\"3d0a861\" data-element_type=\"widget\" data-widget_type=\"heading.default\">\n\t\t\t\t<div class=\"elementor-widget-container\">\n\t\t\t\t\t<h2 class=\"elementor-heading-title elementor-size-default\">Soldadura<\/h2>\t\t\t\t<\/div>\n\t\t\t\t<\/div>\n\t\t\t\t<div class=\"elementor-element elementor-element-6046a2f elementor-widget elementor-widget-text-editor\" data-id=\"6046a2f\" data-element_type=\"widget\" data-widget_type=\"text-editor.default\">\n\t\t\t\t<div class=\"elementor-widget-container\">\n\t\t\t\t\t\t\t\t\t<p>Soluciones de soldadura para cada aplicaci\u00f3n.<\/p>\t\t\t\t\t\t\t\t<\/div>\n\t\t\t\t<\/div>\n\t\t<div class=\"elementor-element elementor-element-3ae6123 e-con-full e-flex e-con e-child\" data-id=\"3ae6123\" data-element_type=\"container\" data-settings=\"{&quot;background_background&quot;:&quot;gradient&quot;}\">\n\t\t\t\t<\/div>\n\t\t\t\t<div class=\"elementor-element elementor-element-8bdd317 elementor-widget elementor-widget-text-editor\" data-id=\"8bdd317\" data-element_type=\"widget\" data-widget_type=\"text-editor.default\">\n\t\t\t\t<div class=\"elementor-widget-container\">\n\t\t\t\t\t\t\t\t\t<p>Ofrecemos una l\u00ednea integral de consumibles para soldadura, dise\u00f1ada para cubrir una amplia gama de procesos industriales con calidad y desempe\u00f1o garantizados. Nuestro portafolio incluye:<\/p><ul><li>Electrodos revestidos (SMAW): para aplicaciones en hierro fundido, aceros al carbono, aceros inoxidables, aluminios y recubrimientos duros.<\/li><li>Alambres MIG\/MAG (GMAW): en diversas aleaciones, para procesos semiautom\u00e1ticos de alta productividad.<\/li><li>Alambres y fundentes para arco sumergido (SAW): soluciones de alta eficiencia para soldadura automatizada.<\/li><li>Aportes para TIG y oxiacetil\u00e9nica: disponibles en bronce, aluminio, acero inoxidable, acero al carbono, esta\u00f1o y electrosilver (electroplata), adecuados para trabajos de precisi\u00f3n y alta exigencia t\u00e9cnica.<\/li><\/ul><p>\u00a0<\/p>\t\t\t\t\t\t\t\t<\/div>\n\t\t\t\t<\/div>\n\t\t\t\t<\/div>\n\t\t\t\t\t<\/div>\n\t\t\t\t<\/div>\n\t\t\t\t<\/div>\n\t\t<div class=\"elementor-element elementor-element-eb15903 e-con-full e-flex e-con e-parent\" data-id=\"eb15903\" data-element_type=\"container\">\n\t\t\t\t<div class=\"elementor-element elementor-element-ad9c956 elementor-widget elementor-widget-text-editor\" data-id=\"ad9c956\" data-element_type=\"widget\" data-widget_type=\"text-editor.default\">\n\t\t\t\t<div class=\"elementor-widget-container\">\n\t\t\t\t\t\t\t\t\t<p style=\"text-align: center;\">Nuestros productos est\u00e1n respaldados por marcas reconocidas y cumplen con normativas internacionales de calidad y seguridad en soldadura.<\/p>\t\t\t\t\t\t\t\t<\/div>\n\t\t\t\t<\/div>\n\t\t\t\t<\/div>\n\t\t\t\t<\/div>\n\t\t","protected":false},"excerpt":{"rendered":"<p>Soldadura Soluciones de soldadura para cada aplicaci\u00f3n. Soldadura Soluciones de soldadura para cada aplicaci\u00f3n. Ofrecemos una l\u00ednea integral de consumibles para soldadura, dise\u00f1ada para cubrir una amplia gama de procesos industriales con calidad y desempe\u00f1o garantizados. Nuestro portafolio incluye: Electrodos revestidos (SMAW): para aplicaciones en hierro fundido, aceros al carbono, aceros inoxidables, aluminios y recubrimientos [&hellip;]<\/p>\n","protected":false},"author":2,"featured_media":0,"parent":0,"menu_order":0,"comment_status":"closed","ping_status":"closed","template":"elementor_header_footer","meta":{"_acf_changed":false,"footnotes":""},"class_list":["post-1370","page","type-page","status-publish","hentry"],"acf":[],"_links":{"self":[{"href":"https:\/\/oxinova.com\/index.php\/wp-json\/wp\/v2\/pages\/1370","targetHints":{"allow":["GET"]}}],"collection":[{"href":"https:\/\/oxinova.com\/index.php\/wp-json\/wp\/v2\/pages"}],"about":[{"href":"https:\/\/oxinova.com\/index.php\/wp-json\/wp\/v2\/types\/page"}],"author":[{"embeddable":true,"href":"https:\/\/oxinova.com\/index.php\/wp-json\/wp\/v2\/users\/2"}],"replies":[{"embeddable":true,"href":"https:\/\/oxinova.com\/index.php\/wp-json\/wp\/v2\/comments?post=1370"}],"version-history":[{"count":74,"href":"https:\/\/oxinova.com\/index.php\/wp-json\/wp\/v2\/pages\/1370\/revisions"}],"predecessor-version":[{"id":2957,"href":"https:\/\/oxinova.com\/index.php\/wp-json\/wp\/v2\/pages\/1370\/revisions\/2957"}],"wp:attachment":[{"href":"https:\/\/oxinova.com\/index.php\/wp-json\/wp\/v2\/media?parent=1370"}],"curies":[{"name":"wp","href":"https:\/\/api.w.org\/{rel}","templated":true}]}}